{"id":1543,"date":"2023-09-20T10:09:20","date_gmt":"2023-09-20T08:09:20","guid":{"rendered":"http:\/\/www.artandtracks.com\/?page_id=1543"},"modified":"2023-09-20T10:09:20","modified_gmt":"2023-09-20T08:09:20","slug":"basil-hall-citizenship","status":"publish","type":"page","link":"https:\/\/www.artandtracks.com\/index.php\/basil-hall-citizenship\/","title":{"rendered":"Basil Hall &#8211;  \u201cCitizenship\u201d"},"content":{"rendered":"\n<figure class=\"wp-block-image size-medium\"><a href=\"http:\/\/www.artandtracks.com\/wp-content\/uploads\/2023\/09\/Basil-Hall-4.jpg\"><img decoding=\"async\" loading=\"lazy\" width=\"300\" height=\"215\" src=\"http:\/\/www.artandtracks.com\/wp-content\/uploads\/2023\/09\/Basil-Hall-4-300x215.jpg\" alt=\"\" class=\"wp-image-1544\" srcset=\"https:\/\/www.artandtracks.com\/wp-content\/uploads\/2023\/09\/Basil-Hall-4-300x215.jpg 300w, https:\/\/www.artandtracks.com\/wp-content\/uploads\/2023\/09\/Basil-Hall-4-1024x734.jpg 1024w, https:\/\/www.artandtracks.com\/wp-content\/uploads\/2023\/09\/Basil-Hall-4-768x550.jpg 768w, https:\/\/www.artandtracks.com\/wp-content\/uploads\/2023\/09\/Basil-Hall-4-600x430.jpg 600w, https:\/\/www.artandtracks.com\/wp-content\/uploads\/2023\/09\/Basil-Hall-4-1536x1101.jpg 1536w, https:\/\/www.artandtracks.com\/wp-content\/uploads\/2023\/09\/Basil-Hall-4-800x573.jpg 800w, https:\/\/www.artandtracks.com\/wp-content\/uploads\/2023\/09\/Basil-Hall-4.jpg 1730w\" sizes=\"(max-width: 300px) 100vw, 300px\" \/><\/a><\/figure>\n\n\n\n<h2 class=\"wp-block-heading\"><strong>Titre d<\/strong><strong>e l\u2019\u0153uvre :<\/strong><\/h2>\n\n\n\n<p>Citizenship<\/p>\n\n\n\n<h2 class=\"wp-block-heading\"><strong>Artiste :<\/strong><\/h2>\n\n\n\n<p>Basil Hall<\/p>\n\n\n\n<h2 class=\"wp-block-heading\"><strong>Technique :<\/strong><\/h2>\n\n\n\n<p>S\u00e9rigraphie sur papier blanc <\/p>\n\n\n\n<p>Limite d&#8217;\u00e9dition : 10<\/p>\n\n\n\n<h2 class=\"wp-block-heading\"><strong>Dimension(s) :<\/strong><\/h2>\n\n\n\n<p>29 x 41 cm <\/p>\n\n\n\n<h2 class=\"wp-block-heading\"><strong>Ann\u00e9e et lieu de cr\u00e9ation :<\/strong><\/h2>\n\n\n\n<p>2019 \/ Basil Hall Editions<\/p>\n","protected":false},"excerpt":{"rendered":"<p>Titre de l\u2019\u0153uvre : Citizenship Artiste : Basil Hall Technique : S\u00e9rigraphie sur papier blanc Limite d&#8217;\u00e9dition : 10 Dimension(s) : 29 x 41 cm Ann\u00e9e et lieu de cr\u00e9ation : 2019 \/ Basil Hall Editions<\/p>\n","protected":false},"author":1,"featured_media":0,"parent":0,"menu_order":0,"comment_status":"closed","ping_status":"closed","template":"","meta":[],"_links":{"self":[{"href":"https:\/\/www.artandtracks.com\/index.php\/wp-json\/wp\/v2\/pages\/1543"}],"collection":[{"href":"https:\/\/www.artandtracks.com\/index.php\/wp-json\/wp\/v2\/pages"}],"about":[{"href":"https:\/\/www.artandtracks.com\/index.php\/wp-json\/wp\/v2\/types\/page"}],"author":[{"embeddable":true,"href":"https:\/\/www.artandtracks.com\/index.php\/wp-json\/wp\/v2\/users\/1"}],"replies":[{"embeddable":true,"href":"https:\/\/www.artandtracks.com\/index.php\/wp-json\/wp\/v2\/comments?post=1543"}],"version-history":[{"count":1,"href":"https:\/\/www.artandtracks.com\/index.php\/wp-json\/wp\/v2\/pages\/1543\/revisions"}],"predecessor-version":[{"id":1557,"href":"https:\/\/www.artandtracks.com\/index.php\/wp-json\/wp\/v2\/pages\/1543\/revisions\/1557"}],"wp:attachment":[{"href":"https:\/\/www.artandtracks.com\/index.php\/wp-json\/wp\/v2\/media?parent=1543"}],"curies":[{"name":"wp","href":"https:\/\/api.w.org\/{rel}","templated":true}]}}