{"id":1481,"date":"2023-09-19T10:55:15","date_gmt":"2023-09-19T08:55:15","guid":{"rendered":"http:\/\/www.artandtracks.com\/?page_id=1481"},"modified":"2023-09-19T10:55:15","modified_gmt":"2023-09-19T08:55:15","slug":"michelle-lewis-ngayuku-mamaku-ngura-ini-makiri","status":"publish","type":"page","link":"https:\/\/www.artandtracks.com\/index.php\/michelle-lewis-ngayuku-mamaku-ngura-ini-makiri\/","title":{"rendered":"Michelle Lewis &#8211; &#8220;Ngayuku mamaku ngura ini Makiri&#8221;"},"content":{"rendered":"\n<figure class=\"wp-block-image size-medium\"><a href=\"http:\/\/www.artandtracks.com\/wp-content\/uploads\/2023\/09\/Ernabella-2-scaled.jpg\"><img decoding=\"async\" loading=\"lazy\" width=\"300\" height=\"171\" src=\"http:\/\/www.artandtracks.com\/wp-content\/uploads\/2023\/09\/Ernabella-2-300x171.jpg\" alt=\"\" class=\"wp-image-1444\" srcset=\"https:\/\/www.artandtracks.com\/wp-content\/uploads\/2023\/09\/Ernabella-2-300x171.jpg 300w, https:\/\/www.artandtracks.com\/wp-content\/uploads\/2023\/09\/Ernabella-2-1024x584.jpg 1024w, https:\/\/www.artandtracks.com\/wp-content\/uploads\/2023\/09\/Ernabella-2-768x438.jpg 768w, https:\/\/www.artandtracks.com\/wp-content\/uploads\/2023\/09\/Ernabella-2-600x342.jpg 600w, https:\/\/www.artandtracks.com\/wp-content\/uploads\/2023\/09\/Ernabella-2-1536x877.jpg 1536w, https:\/\/www.artandtracks.com\/wp-content\/uploads\/2023\/09\/Ernabella-2-2048x1169.jpg 2048w, https:\/\/www.artandtracks.com\/wp-content\/uploads\/2023\/09\/Ernabella-2-800x457.jpg 800w\" sizes=\"(max-width: 300px) 100vw, 300px\" \/><\/a><\/figure>\n\n\n\n<h2 class=\"wp-block-heading\"><strong>Titre de l\u2019\u0153uvre :<\/strong><\/h2>\n\n\n\n<p>Ngayuku mamaku ngura ini Makiri<\/p>\n\n\n\n<h2 class=\"wp-block-heading\"><strong>Artiste :<\/strong><\/h2>\n\n\n\n<p>Michelle Lewis (n\u00e9e en 1983)<\/p>\n\n\n\n<h2 class=\"wp-block-heading\"><strong>Technique :<\/strong><\/h2>\n\n\n\n<p>Acrylique sur toile<\/p>\n\n\n\n<h2 class=\"wp-block-heading\"><strong>Dimension(s) :<\/strong><\/h2>\n\n\n\n<p>100 x 180 cm<\/p>\n\n\n\n<h2 class=\"wp-block-heading\"><strong>Ann\u00e9e et lieu de cr\u00e9ation :<\/strong><\/h2>\n\n\n\n<p>2019 \/ communaut\u00e9 de Pukatja, Ernabella arts<\/p>\n","protected":false},"excerpt":{"rendered":"<p>Titre de l\u2019\u0153uvre : Ngayuku mamaku ngura ini Makiri Artiste : Michelle Lewis (n\u00e9e en 1983) Technique : Acrylique sur toile Dimension(s) : 100 x 180 cm Ann\u00e9e et lieu de cr\u00e9ation : 2019 \/ communaut\u00e9 de Pukatja, Ernabella arts<\/p>\n","protected":false},"author":1,"featured_media":0,"parent":0,"menu_order":0,"comment_status":"closed","ping_status":"closed","template":"","meta":[],"_links":{"self":[{"href":"https:\/\/www.artandtracks.com\/index.php\/wp-json\/wp\/v2\/pages\/1481"}],"collection":[{"href":"https:\/\/www.artandtracks.com\/index.php\/wp-json\/wp\/v2\/pages"}],"about":[{"href":"https:\/\/www.artandtracks.com\/index.php\/wp-json\/wp\/v2\/types\/page"}],"author":[{"embeddable":true,"href":"https:\/\/www.artandtracks.com\/index.php\/wp-json\/wp\/v2\/users\/1"}],"replies":[{"embeddable":true,"href":"https:\/\/www.artandtracks.com\/index.php\/wp-json\/wp\/v2\/comments?post=1481"}],"version-history":[{"count":1,"href":"https:\/\/www.artandtracks.com\/index.php\/wp-json\/wp\/v2\/pages\/1481\/revisions"}],"predecessor-version":[{"id":1482,"href":"https:\/\/www.artandtracks.com\/index.php\/wp-json\/wp\/v2\/pages\/1481\/revisions\/1482"}],"wp:attachment":[{"href":"https:\/\/www.artandtracks.com\/index.php\/wp-json\/wp\/v2\/media?parent=1481"}],"curies":[{"name":"wp","href":"https:\/\/api.w.org\/{rel}","templated":true}]}}