{"id":1466,"date":"2023-09-19T10:27:33","date_gmt":"2023-09-19T08:27:33","guid":{"rendered":"http:\/\/www.artandtracks.com\/?page_id=1466"},"modified":"2023-09-19T10:35:16","modified_gmt":"2023-09-19T08:35:16","slug":"docre-et-de-reve-part-1-2-art-contemporain-aborigene-daustralie","status":"publish","type":"page","link":"https:\/\/www.artandtracks.com\/index.php\/docre-et-de-reve-part-1-2-art-contemporain-aborigene-daustralie\/","title":{"rendered":"D&#8217;ocre et de R\u00eave part. 1-2 \/ art contemporain aborig\u00e8ne d&#8217;Australie"},"content":{"rendered":"\n<p><strong>Novembre-avril 2022 et juin 2023<\/strong><\/p>\n\n\n\n<div class=\"wp-block-group is-layout-constrained\"><div class=\"wp-block-group__inner-container\">\n<div class=\"wp-block-group is-layout-constrained\"><div class=\"wp-block-group__inner-container\">\n<div class=\"wp-block-group is-vertical is-layout-flex wp-container-1\">\n<p>Galerie Twins : 9 rue de Lattre de Tassiny, 21190 Meursault<\/p>\n<\/div>\n<\/div><\/div>\n<\/div><\/div>\n\n\n\n<figure class=\"wp-block-image size-large\"><a href=\"http:\/\/www.artandtracks.com\/index.php\/churchill-cann-moorliji\/\"><img decoding=\"async\" loading=\"lazy\" width=\"1024\" height=\"91\" src=\"http:\/\/www.artandtracks.com\/wp-content\/uploads\/2023\/09\/Churchill-Cann-bis-1024x91.jpg\" alt=\"\" class=\"wp-image-1468\" srcset=\"https:\/\/www.artandtracks.com\/wp-content\/uploads\/2023\/09\/Churchill-Cann-bis-1024x91.jpg 1024w, https:\/\/www.artandtracks.com\/wp-content\/uploads\/2023\/09\/Churchill-Cann-bis-300x27.jpg 300w, https:\/\/www.artandtracks.com\/wp-content\/uploads\/2023\/09\/Churchill-Cann-bis-768x68.jpg 768w, https:\/\/www.artandtracks.com\/wp-content\/uploads\/2023\/09\/Churchill-Cann-bis-600x53.jpg 600w, https:\/\/www.artandtracks.com\/wp-content\/uploads\/2023\/09\/Churchill-Cann-bis-1536x136.jpg 1536w, https:\/\/www.artandtracks.com\/wp-content\/uploads\/2023\/09\/Churchill-Cann-bis-2048x182.jpg 2048w, https:\/\/www.artandtracks.com\/wp-content\/uploads\/2023\/09\/Churchill-Cann-bis-800x71.jpg 800w\" sizes=\"(max-width: 1024px) 100vw, 1024px\" \/><\/a><\/figure>\n\n\n\n<p><\/p>\n\n\n\n<p>Art and tracks prend possession des murs de la Galerie pour une exposition en deux temps consacr\u00e9e \u00e0 ses derni\u00e8res nouveaut\u00e9s. <\/p>\n\n\n\n<p>L&#8217;occasion de d\u00e9couvrir un large panorama de la cr\u00e9ation contemporaine du d\u00e9sert central australien et du Kimberley, r\u00e9gion du nord ouest de l&#8217;\u00eele-continent c\u00e9l\u00e8bre pour ses peintures \u00e0 l&#8217;ocre naturel et la majest\u00e9 minimaliste de ses larges applats. <\/p>\n\n\n<div class=\"wp-block-image\">\n<figure class=\"aligncenter size-medium\"><a href=\"http:\/\/www.artandtracks.com\/wp-content\/uploads\/2023\/09\/20230611_095235-scaled.jpg\"><img decoding=\"async\" loading=\"lazy\" width=\"300\" height=\"169\" src=\"http:\/\/www.artandtracks.com\/wp-content\/uploads\/2023\/09\/20230611_095235-300x169.jpg\" alt=\"\" class=\"wp-image-1469\" srcset=\"https:\/\/www.artandtracks.com\/wp-content\/uploads\/2023\/09\/20230611_095235-300x169.jpg 300w, https:\/\/www.artandtracks.com\/wp-content\/uploads\/2023\/09\/20230611_095235-1024x576.jpg 1024w, https:\/\/www.artandtracks.com\/wp-content\/uploads\/2023\/09\/20230611_095235-768x432.jpg 768w, https:\/\/www.artandtracks.com\/wp-content\/uploads\/2023\/09\/20230611_095235-600x338.jpg 600w, https:\/\/www.artandtracks.com\/wp-content\/uploads\/2023\/09\/20230611_095235-1536x864.jpg 1536w, https:\/\/www.artandtracks.com\/wp-content\/uploads\/2023\/09\/20230611_095235-2048x1152.jpg 2048w, https:\/\/www.artandtracks.com\/wp-content\/uploads\/2023\/09\/20230611_095235-800x450.jpg 800w\" sizes=\"(max-width: 300px) 100vw, 300px\" \/><\/a><\/figure><\/div>\n\n\n<p><\/p>\n","protected":false},"excerpt":{"rendered":"<p>Novembre-avril 2022 et juin 2023 Galerie Twins : 9 rue de Lattre de Tassiny, 21190 Meursault Art and tracks prend possession des murs de la Galerie pour une exposition en deux temps consacr\u00e9e \u00e0 ses derni\u00e8res nouveaut\u00e9s. L&#8217;occasion de d\u00e9couvrir un large panorama de la cr\u00e9ation contemporaine du d\u00e9sert central australien et du Kimberley, r\u00e9gion du nord ouest de l&#8217;\u00eele-continent&hellip;<\/p>\n","protected":false},"author":1,"featured_media":0,"parent":0,"menu_order":0,"comment_status":"closed","ping_status":"closed","template":"","meta":[],"_links":{"self":[{"href":"https:\/\/www.artandtracks.com\/index.php\/wp-json\/wp\/v2\/pages\/1466"}],"collection":[{"href":"https:\/\/www.artandtracks.com\/index.php\/wp-json\/wp\/v2\/pages"}],"about":[{"href":"https:\/\/www.artandtracks.com\/index.php\/wp-json\/wp\/v2\/types\/page"}],"author":[{"embeddable":true,"href":"https:\/\/www.artandtracks.com\/index.php\/wp-json\/wp\/v2\/users\/1"}],"replies":[{"embeddable":true,"href":"https:\/\/www.artandtracks.com\/index.php\/wp-json\/wp\/v2\/comments?post=1466"}],"version-history":[{"count":7,"href":"https:\/\/www.artandtracks.com\/index.php\/wp-json\/wp\/v2\/pages\/1466\/revisions"}],"predecessor-version":[{"id":1476,"href":"https:\/\/www.artandtracks.com\/index.php\/wp-json\/wp\/v2\/pages\/1466\/revisions\/1476"}],"wp:attachment":[{"href":"https:\/\/www.artandtracks.com\/index.php\/wp-json\/wp\/v2\/media?parent=1466"}],"curies":[{"name":"wp","href":"https:\/\/api.w.org\/{rel}","templated":true}]}}