{"id":1440,"date":"2023-09-19T08:56:26","date_gmt":"2023-09-19T06:56:26","guid":{"rendered":"http:\/\/www.artandtracks.com\/?page_id=1440"},"modified":"2023-09-19T09:16:10","modified_gmt":"2023-09-19T07:16:10","slug":"tjukurrpa-parcelles-de-reve-art-contemporain-aborigene-daustralie","status":"publish","type":"page","link":"https:\/\/www.artandtracks.com\/index.php\/tjukurrpa-parcelles-de-reve-art-contemporain-aborigene-daustralie\/","title":{"rendered":"Tjukurrpa : parcelles de R\u00eave \/ art contemporain aborig\u00e8ne d&#8217;Australie"},"content":{"rendered":"\n<p><strong>Du 20 au 28 novembre 2021<\/strong><br>Exposition-d\u00e9gustation-vente<br>Le Devay &#8211; 69560 Saint-Romain-en-Gal<\/p>\n\n\n\n<figure class=\"wp-block-image size-large\"><a href=\"http:\/\/www.artandtracks.com\/wp-content\/uploads\/2023\/09\/Ernabella-2-scaled.jpg\"><img decoding=\"async\" loading=\"lazy\" width=\"1024\" height=\"120\" src=\"http:\/\/www.artandtracks.com\/wp-content\/uploads\/2023\/09\/Ernabella-2-bis-1024x120.jpg\" alt=\"\" class=\"wp-image-1443\" srcset=\"https:\/\/www.artandtracks.com\/wp-content\/uploads\/2023\/09\/Ernabella-2-bis-1024x120.jpg 1024w, https:\/\/www.artandtracks.com\/wp-content\/uploads\/2023\/09\/Ernabella-2-bis-300x35.jpg 300w, https:\/\/www.artandtracks.com\/wp-content\/uploads\/2023\/09\/Ernabella-2-bis-768x90.jpg 768w, https:\/\/www.artandtracks.com\/wp-content\/uploads\/2023\/09\/Ernabella-2-bis-600x70.jpg 600w, https:\/\/www.artandtracks.com\/wp-content\/uploads\/2023\/09\/Ernabella-2-bis-1536x180.jpg 1536w, https:\/\/www.artandtracks.com\/wp-content\/uploads\/2023\/09\/Ernabella-2-bis-2048x240.jpg 2048w, https:\/\/www.artandtracks.com\/wp-content\/uploads\/2023\/09\/Ernabella-2-bis-800x94.jpg 800w\" sizes=\"(max-width: 1024px) 100vw, 1024px\" \/><\/a><\/figure>\n\n\n\n<p><\/p>\n\n\n\n<p>Dialogue in\u00e9dit entre Art and tracks et les vins du Devay : de la terre rouge du d\u00e9sert aux vignes rhodaniennes s\u2019installe la r\u00e9sonnance d\u2019un espace que les hommes parcourent, transforment et racontent.<\/p>\n\n\n\n<p>Par son attachement aux lieux et aux \u00eatres, l\u2019art aborig\u00e8ne questionne directement les valeurs du terroir et la responsabilit\u00e9 de ceux qui le cultivent \u00e0 travers ses \u00ab parcelles de R\u00eave \u00bb. Prolonger cette expression \u00e0 travers le monde du vin conduit \u00e0 une approche aussi atypique que chaleureuse au service d\u2019une exp\u00e9rience in\u00e9dite.<\/p>\n\n\n<div class=\"wp-block-image\">\n<figure class=\"aligncenter size-medium\"><img decoding=\"async\" loading=\"lazy\" width=\"225\" height=\"300\" src=\"http:\/\/www.artandtracks.com\/wp-content\/uploads\/2023\/09\/20210913_165525-225x300.jpg\" alt=\"\" class=\"wp-image-1442\" srcset=\"https:\/\/www.artandtracks.com\/wp-content\/uploads\/2023\/09\/20210913_165525-225x300.jpg 225w, https:\/\/www.artandtracks.com\/wp-content\/uploads\/2023\/09\/20210913_165525-768x1024.jpg 768w, https:\/\/www.artandtracks.com\/wp-content\/uploads\/2023\/09\/20210913_165525-600x800.jpg 600w, https:\/\/www.artandtracks.com\/wp-content\/uploads\/2023\/09\/20210913_165525-1152x1536.jpg 1152w, https:\/\/www.artandtracks.com\/wp-content\/uploads\/2023\/09\/20210913_165525-1536x2048.jpg 1536w, https:\/\/www.artandtracks.com\/wp-content\/uploads\/2023\/09\/20210913_165525-800x1067.jpg 800w, https:\/\/www.artandtracks.com\/wp-content\/uploads\/2023\/09\/20210913_165525-scaled.jpg 1920w\" sizes=\"(max-width: 225px) 100vw, 225px\" \/><\/figure><\/div>\n\n\n<p><strong>Documents <\/strong>dossier de presse \/ flyer<\/p>\n\n\n\n<div class=\"wp-block-group is-layout-constrained\"><div class=\"wp-block-group__inner-container\">\n<figure class=\"wp-block-image size-thumbnail is-resized is-style-rounded\"><a href=\"http:\/\/www.artandtracks.com\/wp-content\/uploads\/2023\/09\/Parcelles-de-Reve_Dossier-de-presse-compresse.pdf\"><img decoding=\"async\" loading=\"lazy\" src=\"http:\/\/www.artandtracks.com\/wp-content\/uploads\/2023\/09\/Parcelles-de-Reve_Dossier-de-presse-vignette-150x150.jpg\" alt=\"\" class=\"wp-image-1449\" width=\"75\" height=\"75\"\/><\/a><\/figure>\n<\/div><\/div>\n\n\n\n<p><\/p>\n\n\n\n<figure class=\"wp-block-image size-thumbnail is-resized is-style-rounded\"><a href=\"http:\/\/www.artandtracks.com\/wp-content\/uploads\/2023\/09\/Le-Devay_Flyer.jpg\"><img decoding=\"async\" loading=\"lazy\" src=\"http:\/\/www.artandtracks.com\/wp-content\/uploads\/2023\/09\/Le-Devay_Flyer-vignette-150x150.jpg\" alt=\"\" class=\"wp-image-1448\" width=\"75\" height=\"75\"\/><\/a><\/figure>\n","protected":false},"excerpt":{"rendered":"<p>Du 20 au 28 novembre 2021Exposition-d\u00e9gustation-venteLe Devay &#8211; 69560 Saint-Romain-en-Gal Dialogue in\u00e9dit entre Art and tracks et les vins du Devay : de la terre rouge du d\u00e9sert aux vignes rhodaniennes s\u2019installe la r\u00e9sonnance d\u2019un espace que les hommes parcourent, transforment et racontent. Par son attachement aux lieux et aux \u00eatres, l\u2019art aborig\u00e8ne questionne directement les valeurs du terroir et&hellip;<\/p>\n","protected":false},"author":1,"featured_media":0,"parent":0,"menu_order":0,"comment_status":"closed","ping_status":"closed","template":"","meta":[],"_links":{"self":[{"href":"https:\/\/www.artandtracks.com\/index.php\/wp-json\/wp\/v2\/pages\/1440"}],"collection":[{"href":"https:\/\/www.artandtracks.com\/index.php\/wp-json\/wp\/v2\/pages"}],"about":[{"href":"https:\/\/www.artandtracks.com\/index.php\/wp-json\/wp\/v2\/types\/page"}],"author":[{"embeddable":true,"href":"https:\/\/www.artandtracks.com\/index.php\/wp-json\/wp\/v2\/users\/1"}],"replies":[{"embeddable":true,"href":"https:\/\/www.artandtracks.com\/index.php\/wp-json\/wp\/v2\/comments?post=1440"}],"version-history":[{"count":8,"href":"https:\/\/www.artandtracks.com\/index.php\/wp-json\/wp\/v2\/pages\/1440\/revisions"}],"predecessor-version":[{"id":1457,"href":"https:\/\/www.artandtracks.com\/index.php\/wp-json\/wp\/v2\/pages\/1440\/revisions\/1457"}],"wp:attachment":[{"href":"https:\/\/www.artandtracks.com\/index.php\/wp-json\/wp\/v2\/media?parent=1440"}],"curies":[{"name":"wp","href":"https:\/\/api.w.org\/{rel}","templated":true}]}}