{"id":1387,"date":"2023-09-14T10:19:25","date_gmt":"2023-09-14T08:19:25","guid":{"rendered":"http:\/\/www.artandtracks.com\/?page_id=1387"},"modified":"2023-09-14T10:19:25","modified_gmt":"2023-09-14T08:19:25","slug":"eubena-nampitjin-kinyu-6","status":"publish","type":"page","link":"https:\/\/www.artandtracks.com\/index.php\/eubena-nampitjin-kinyu-6\/","title":{"rendered":"Eubena Nampitjin &#8211; &#8220;Kinyu&#8221;"},"content":{"rendered":"\n<figure class=\"wp-block-image size-medium\"><a href=\"http:\/\/www.artandtracks.com\/wp-content\/uploads\/2023\/09\/3E526_032-1-scaled.jpg\"><img decoding=\"async\" loading=\"lazy\" width=\"199\" height=\"300\" src=\"http:\/\/www.artandtracks.com\/wp-content\/uploads\/2023\/09\/3E526_032-1-199x300.jpg\" alt=\"\" class=\"wp-image-1186\" srcset=\"https:\/\/www.artandtracks.com\/wp-content\/uploads\/2023\/09\/3E526_032-1-199x300.jpg 199w, https:\/\/www.artandtracks.com\/wp-content\/uploads\/2023\/09\/3E526_032-1-680x1024.jpg 680w, https:\/\/www.artandtracks.com\/wp-content\/uploads\/2023\/09\/3E526_032-1-768x1156.jpg 768w, https:\/\/www.artandtracks.com\/wp-content\/uploads\/2023\/09\/3E526_032-1-600x903.jpg 600w, https:\/\/www.artandtracks.com\/wp-content\/uploads\/2023\/09\/3E526_032-1-1021x1536.jpg 1021w, https:\/\/www.artandtracks.com\/wp-content\/uploads\/2023\/09\/3E526_032-1-1361x2048.jpg 1361w, https:\/\/www.artandtracks.com\/wp-content\/uploads\/2023\/09\/3E526_032-1-800x1204.jpg 800w, https:\/\/www.artandtracks.com\/wp-content\/uploads\/2023\/09\/3E526_032-1-scaled.jpg 1701w\" sizes=\"(max-width: 199px) 100vw, 199px\" \/><\/a><\/figure>\n\n\n\n<h2 class=\"wp-block-heading\"><strong>Titre de l\u2019\u0153uvre :<\/strong><\/h2>\n\n\n\n<p>Kinyu<\/p>\n\n\n\n<h2 class=\"wp-block-heading\"><strong>Artiste :<\/strong><\/h2>\n\n\n\n<p>Eubena Nampitjin (1921-2013)<\/p>\n\n\n\n<h2 class=\"wp-block-heading\"><strong>Technique :<\/strong><\/h2>\n\n\n\n<p>Taille douce sur zinc (aquatinte au sucre et effets d\u2019encrage) sur papier blanc au timbre sec de Nothern Editions<\/p>\n\n\n\n<p>Sign\u00e9e et dat\u00e9e au crayon en partie inf\u00e9rieure droite et num\u00e9rot\u00e9e 20\/50 au crayon en partie inf\u00e9rieure gauche<\/p>\n\n\n\n<h2 class=\"wp-block-heading\"><strong>Dimension(s) :<\/strong><\/h2>\n\n\n\n<p>59,5 x 39,5 cm <em>image<\/em> <em>(coup de planche)<\/em><\/p>\n\n\n\n<h2 class=\"wp-block-heading\"><strong>Ann\u00e9e et lieu de cr\u00e9ation :<\/strong><\/h2>\n\n\n\n<p>2007<\/p>\n","protected":false},"excerpt":{"rendered":"<p>Titre de l\u2019\u0153uvre : Kinyu Artiste : Eubena Nampitjin (1921-2013) Technique : Taille douce sur zinc (aquatinte au sucre et effets d\u2019encrage) sur papier blanc au timbre sec de Nothern Editions Sign\u00e9e et dat\u00e9e au crayon en partie inf\u00e9rieure droite et num\u00e9rot\u00e9e 20\/50 au crayon en partie inf\u00e9rieure gauche Dimension(s) : 59,5 x 39,5 cm image (coup de planche) Ann\u00e9e&hellip;<\/p>\n","protected":false},"author":1,"featured_media":0,"parent":0,"menu_order":0,"comment_status":"closed","ping_status":"closed","template":"","meta":[],"_links":{"self":[{"href":"https:\/\/www.artandtracks.com\/index.php\/wp-json\/wp\/v2\/pages\/1387"}],"collection":[{"href":"https:\/\/www.artandtracks.com\/index.php\/wp-json\/wp\/v2\/pages"}],"about":[{"href":"https:\/\/www.artandtracks.com\/index.php\/wp-json\/wp\/v2\/types\/page"}],"author":[{"embeddable":true,"href":"https:\/\/www.artandtracks.com\/index.php\/wp-json\/wp\/v2\/users\/1"}],"replies":[{"embeddable":true,"href":"https:\/\/www.artandtracks.com\/index.php\/wp-json\/wp\/v2\/comments?post=1387"}],"version-history":[{"count":1,"href":"https:\/\/www.artandtracks.com\/index.php\/wp-json\/wp\/v2\/pages\/1387\/revisions"}],"predecessor-version":[{"id":1388,"href":"https:\/\/www.artandtracks.com\/index.php\/wp-json\/wp\/v2\/pages\/1387\/revisions\/1388"}],"wp:attachment":[{"href":"https:\/\/www.artandtracks.com\/index.php\/wp-json\/wp\/v2\/media?parent=1387"}],"curies":[{"name":"wp","href":"https:\/\/api.w.org\/{rel}","templated":true}]}}