{"id":1383,"date":"2023-09-14T10:13:54","date_gmt":"2023-09-14T08:13:54","guid":{"rendered":"http:\/\/www.artandtracks.com\/?page_id=1383"},"modified":"2023-09-14T10:17:01","modified_gmt":"2023-09-14T08:17:01","slug":"eubena-nampitjin-kinyu-5","status":"publish","type":"page","link":"https:\/\/www.artandtracks.com\/index.php\/eubena-nampitjin-kinyu-5\/","title":{"rendered":"Eubena Nampitjin &#8211; &#8220;Kinyu&#8221;"},"content":{"rendered":"\n<figure class=\"wp-block-image size-medium\"><a href=\"http:\/\/www.artandtracks.com\/wp-content\/uploads\/2023\/09\/3E526_035-scaled.jpg\"><img decoding=\"async\" loading=\"lazy\" width=\"203\" height=\"300\" src=\"http:\/\/www.artandtracks.com\/wp-content\/uploads\/2023\/09\/3E526_035-203x300.jpg\" alt=\"\" class=\"wp-image-1188\" srcset=\"https:\/\/www.artandtracks.com\/wp-content\/uploads\/2023\/09\/3E526_035-203x300.jpg 203w, https:\/\/www.artandtracks.com\/wp-content\/uploads\/2023\/09\/3E526_035-692x1024.jpg 692w, https:\/\/www.artandtracks.com\/wp-content\/uploads\/2023\/09\/3E526_035-768x1137.jpg 768w, https:\/\/www.artandtracks.com\/wp-content\/uploads\/2023\/09\/3E526_035-600x888.jpg 600w, https:\/\/www.artandtracks.com\/wp-content\/uploads\/2023\/09\/3E526_035-1037x1536.jpg 1037w, https:\/\/www.artandtracks.com\/wp-content\/uploads\/2023\/09\/3E526_035-1383x2048.jpg 1383w, https:\/\/www.artandtracks.com\/wp-content\/uploads\/2023\/09\/3E526_035-800x1185.jpg 800w, https:\/\/www.artandtracks.com\/wp-content\/uploads\/2023\/09\/3E526_035-scaled.jpg 1729w\" sizes=\"(max-width: 203px) 100vw, 203px\" \/><\/a><\/figure>\n\n\n\n<h2 class=\"wp-block-heading\"><strong>Titre de l\u2019\u0153uvre :<\/strong><\/h2>\n\n\n\n<p>Kinyu<\/p>\n\n\n\n<h2 class=\"wp-block-heading\"><strong>Artiste :<\/strong><\/h2>\n\n\n\n<p>Eubena Nampitjin (1921-2013)<\/p>\n\n\n\n<h2 class=\"wp-block-heading\"><strong>Technique :<\/strong><\/h2>\n\n\n\n<p>Taille douce sur zinc (aquatinte au sucre et effets d\u2019encrage) sur papier blanc au timbre sec de Nothern Editions<\/p>\n\n\n\n<p>Sign\u00e9e au crayon en partie inf\u00e9rieure droite et num\u00e9rot\u00e9e AP III\/V au crayon en partie inf\u00e9rieure gauche<\/p>\n\n\n\n<h2 class=\"wp-block-heading\"><strong>Dimension(s) :<\/strong><\/h2>\n\n\n\n<p>59,5 x 39,5 cm <em>image<\/em> <em>(coup de planche)<\/em><\/p>\n\n\n\n<h2 class=\"wp-block-heading\"><strong>Ann\u00e9e et lieu de cr\u00e9ation :<\/strong><\/h2>\n\n\n\n<p>2007 \/ communaut\u00e9 de Balgo Hills, Warlayirti Artists<\/p>\n","protected":false},"excerpt":{"rendered":"<p>Titre de l\u2019\u0153uvre : Kinyu Artiste : Eubena Nampitjin (1921-2013) Technique : Taille douce sur zinc (aquatinte au sucre et effets d\u2019encrage) sur papier blanc au timbre sec de Nothern Editions Sign\u00e9e au crayon en partie inf\u00e9rieure droite et num\u00e9rot\u00e9e AP III\/V au crayon en partie inf\u00e9rieure gauche Dimension(s) : 59,5 x 39,5 cm image (coup de planche) Ann\u00e9e et&hellip;<\/p>\n","protected":false},"author":1,"featured_media":0,"parent":0,"menu_order":0,"comment_status":"closed","ping_status":"closed","template":"","meta":[],"_links":{"self":[{"href":"https:\/\/www.artandtracks.com\/index.php\/wp-json\/wp\/v2\/pages\/1383"}],"collection":[{"href":"https:\/\/www.artandtracks.com\/index.php\/wp-json\/wp\/v2\/pages"}],"about":[{"href":"https:\/\/www.artandtracks.com\/index.php\/wp-json\/wp\/v2\/types\/page"}],"author":[{"embeddable":true,"href":"https:\/\/www.artandtracks.com\/index.php\/wp-json\/wp\/v2\/users\/1"}],"replies":[{"embeddable":true,"href":"https:\/\/www.artandtracks.com\/index.php\/wp-json\/wp\/v2\/comments?post=1383"}],"version-history":[{"count":2,"href":"https:\/\/www.artandtracks.com\/index.php\/wp-json\/wp\/v2\/pages\/1383\/revisions"}],"predecessor-version":[{"id":1386,"href":"https:\/\/www.artandtracks.com\/index.php\/wp-json\/wp\/v2\/pages\/1383\/revisions\/1386"}],"wp:attachment":[{"href":"https:\/\/www.artandtracks.com\/index.php\/wp-json\/wp\/v2\/media?parent=1383"}],"curies":[{"name":"wp","href":"https:\/\/api.w.org\/{rel}","templated":true}]}}