{"id":1378,"date":"2023-09-13T05:54:14","date_gmt":"2023-09-13T03:54:14","guid":{"rendered":"http:\/\/www.artandtracks.com\/?page_id=1378"},"modified":"2023-09-14T10:40:10","modified_gmt":"2023-09-14T08:40:10","slug":"eubena-nampitjin-balgo-trilogy","status":"publish","type":"page","link":"https:\/\/www.artandtracks.com\/index.php\/eubena-nampitjin-balgo-trilogy\/","title":{"rendered":"Eubena Nampitjin &#8211; Balgo Trilogy"},"content":{"rendered":"\n<p>Ces trois estampes, chefs-d&#8217;oeuvre de l&#8217;estampe aborig\u00e8ne, forment le testament artistique de Eubena Nampitjin. De l&#8217;eau \u00e0 la terre et jusqu&#8217;au ciel, elles dessinent le cycle atemporel du d\u00e9sert. Pluie fertile, spinifex sculptural et noble soleil, toujours renouvel\u00e9s.<\/p>\n\n\n\n<p>La r\u00e9alisation de ces pi\u00e8ces essentielles n\u00e9cessita, ph\u00e9nom\u00e8ne commun aux grands projets de <em>printmaking<\/em> aborig\u00e8ne, de long allers-retours entre l\u2019universit\u00e9 de Darwin, si\u00e8ge de Nothern Editions, et la communaut\u00e9 de Balgo Hills, par del\u00e0 la Tanami Track.<\/p>\n\n\n\n<p>Les \u00e9preuves ne revinrent au centre d\u2019art qu\u2019apr\u00e8s la mort de Eubena. Sa fille, l\u2019artiste Jane Gimme, fit le choix courageux d\u2019apposer sa propre signature au bas de chacun des tirages, par respect pour sa m\u00e8re disparue. <\/p>\n\n\n\n<p>Convention h\u00e9rit\u00e9e de la Belle-\u00e9preuve th\u00e9oris\u00e9e notamment en France \u00e0 la fin du XIX\u00e8me si\u00e8cle, la signature sonne comme une redondance, dans une culture o\u00f9 la part de R\u00eave engage et d\u00e9signe l&#8217;artiste qui en est le gardien. Ici, elle se fait la marque d\u2019une parole plastique qui jamais ne s\u2019\u00e9teint.<\/p>\n\n\n\n<p>Le certificat qui accompagne chaque gravure atteste de sa pleine appartenance \u00e0 l\u2019\u0153uvre de Eubena Namptitjin.<\/p>\n\n\n<div class=\"ich-prefix\">\r\n\r\n    \r\n    <div class=\"row wcp-fgg-wrap\" style=\"width:auto;margin-left: -10px;margin-right: -10px;\">\r\n\r\n                                <div class=\"col-1-3\" style=\"padding: 10px;\">\r\n                <div class=\"wcp-caption-plugin\" ontouchstart=\"\" id=\"wcp-widget-1377-1\" style=\"\">\r\n    <a  href=\"http:\/\/www.artandtracks.com\/index.php\/eubena-nampitjin-kinyu-3\/\" target=\"_blank\">        <div class=\"image-caption-box\">\r\n            <div class=\"caption no-effect\"\r\n                style=\"background-color: ;\r\n                    color: ;\">\r\n                <div style=\"display:table;height:100%;width: 100%;\">\r\n                    <div class=\"centered-text\" style=\"text-align: auto; padding: 5px;\">\r\n                        <h3>Eubena Nampitjin<\/h3><h3><strong>Kinyu<\/strong> (2013)<\/h3><h3>Taille douce sur zinc<\/h3>                    <\/div>\r\n                <\/div>\r\n            <\/div>\r\n            <img class=\"wcp-caption-image\" src=\"http:\/\/www.artandtracks.com\/wp-content\/uploads\/2023\/09\/3E526_029-scaled.jpg\" title=\"Eubena Nampitjin - Kinyu 3\" alt=\"\" style=\"\"\/>\r\n        <\/div>\r\n\r\n    <\/a><\/div>\r\n<style>\r\n    <\/style>            <\/div>\r\n            \r\n                                <div class=\"col-1-3\" style=\"padding: 10px;\">\r\n                <div class=\"wcp-caption-plugin\" ontouchstart=\"\" id=\"wcp-widget-1377-2\" style=\"\">\r\n    <a  href=\"http:\/\/www.artandtracks.com\/index.php\/eubena-nampitjin-kinyu-4\/\" target=\"_blank\">        <div class=\"image-caption-box\">\r\n            <div class=\"caption no-effect\"\r\n                style=\"background-color: ;\r\n                    color: ;\">\r\n                <div style=\"display:table;height:100%;width: 100%;\">\r\n                    <div class=\"centered-text\" style=\"text-align: auto; padding: 5px;\">\r\n                        <h3>Eubena Nampitjin<\/h3><h3><strong>Kinyu<\/strong> (2013)<\/h3><h3>Taille douce sur zinc<\/h3>                    <\/div>\r\n                <\/div>\r\n            <\/div>\r\n            <img class=\"wcp-caption-image\" src=\"http:\/\/www.artandtracks.com\/wp-content\/uploads\/2023\/09\/Eubena-2.jpg\" title=\"Eubena Nampitjin - Kinyu 4\" alt=\"\" style=\"\"\/>\r\n        <\/div>\r\n\r\n    <\/a><\/div>\r\n<style>\r\n    <\/style>            <\/div>\r\n            \r\n                                <div class=\"col-1-3\" style=\"padding: 10px;\">\r\n                <div class=\"wcp-caption-plugin\" ontouchstart=\"\" id=\"wcp-widget-1377-3\" style=\"\">\r\n    <a  href=\"http:\/\/www.artandtracks.com\/index.php\/eubena-nampitjin-kinyu\/\" target=\"_blank\">        <div class=\"image-caption-box\">\r\n            <div class=\"caption no-effect\"\r\n                style=\"background-color: ;\r\n                    color: ;\">\r\n                <div style=\"display:table;height:100%;width: 100%;\">\r\n                    <div class=\"centered-text\" style=\"text-align: auto; padding: 5px;\">\r\n                        <h3>Eubena Nampitjin<\/h3><h3><strong>Kinyu<\/strong> (2013)<\/h3><h3>Taille douce sur zinc<\/h3>                    <\/div>\r\n                <\/div>\r\n            <\/div>\r\n            <img class=\"wcp-caption-image\" src=\"http:\/\/www.artandtracks.com\/wp-content\/uploads\/2017\/08\/eubena-nampitjin-kinyu-1-1024x1024.jpg\" title=\"Eubena Nampitjin - Kinyu\" alt=\"\" style=\"\"\/>\r\n        <\/div>\r\n\r\n    <\/a><\/div>\r\n<style>\r\n    <\/style>            <\/div>\r\n            \r\n            <\/div>\r\n    \r\n\r\n    \r\n    <div class=\"clearfix\"><\/div>\r\n    \r\n<\/div>\n\n\n\n<p><\/p>\n\n\n\n<p><\/p>\n\n\n\n<p><\/p>\n\n\n\n<h3 class=\"wp-block-heading\"><strong>Plus d&#8217;oeuvres de Eubena \u00e0 d\u00e9couvrir :<\/strong><\/h3>\n\n\n<div class=\"ich-prefix\">\r\n\r\n    \r\n    <div class=\"row wcp-fgg-wrap\" style=\"width:auto;margin-left: -10px;margin-right: -10px;\">\r\n\r\n                                <div class=\"col-1-4\" style=\"padding: 10px;\">\r\n                <div class=\"wcp-caption-plugin\" ontouchstart=\"\" id=\"wcp-widget-1385-1\" style=\"\">\r\n    <a  href=\"http:\/\/www.artandtracks.com\/index.php\/eubena-nampitjin-kinyu-5\/\" target=\"_blank\">        <div class=\"image-caption-box\">\r\n            <div class=\"caption no-effect\"\r\n                style=\"background-color: ;\r\n                    color: ;\">\r\n                <div style=\"display:table;height:100%;width: 100%;\">\r\n                    <div class=\"centered-text\" style=\"text-align: auto; padding: 5px;\">\r\n                        <h3>Eubena Nampitjin<\/h3><h3><strong>Kinyu<\/strong> (2007)<\/h3><h3>Taille douce sur zinc<\/h3>                    <\/div>\r\n                <\/div>\r\n            <\/div>\r\n            <img class=\"wcp-caption-image\" src=\"http:\/\/www.artandtracks.com\/wp-content\/uploads\/2023\/09\/Eubena.jpg\" title=\"Eubena Nampitjin - Kinyu 5\" alt=\"\" style=\"\"\/>\r\n        <\/div>\r\n\r\n    <\/a><\/div>\r\n<style>\r\n    <\/style>            <\/div>\r\n            \r\n                                <div class=\"col-1-4\" style=\"padding: 10px;\">\r\n                <div class=\"wcp-caption-plugin\" ontouchstart=\"\" id=\"wcp-widget-1385-2\" style=\"\">\r\n    <a  href=\"http:\/\/www.artandtracks.com\/index.php\/eubena-nampitjin-kinyu-6\/\" target=\"_blank\">        <div class=\"image-caption-box\">\r\n            <div class=\"caption no-effect\"\r\n                style=\"background-color: ;\r\n                    color: ;\">\r\n                <div style=\"display:table;height:100%;width: 100%;\">\r\n                    <div class=\"centered-text\" style=\"text-align: auto; padding: 5px;\">\r\n                        <h3>Eubena Nampitjin<\/h3><h3><strong>Kinyu<\/strong> (2007)<\/h3><h3>Taille douce sur zinc<\/h3>                    <\/div>\r\n                <\/div>\r\n            <\/div>\r\n            <img class=\"wcp-caption-image\" src=\"http:\/\/www.artandtracks.com\/wp-content\/uploads\/2023\/09\/3E526_032-scaled.jpg\" title=\"Eubena Nampitjin - Kinyu 6\" alt=\"\" style=\"\"\/>\r\n        <\/div>\r\n\r\n    <\/a><\/div>\r\n<style>\r\n    <\/style>            <\/div>\r\n            \r\n                                <div class=\"col-1-4\" style=\"padding: 10px;\">\r\n                <div class=\"wcp-caption-plugin\" ontouchstart=\"\" id=\"wcp-widget-1385-3\" style=\"\">\r\n    <a  href=\"http:\/\/www.artandtracks.com\/index.php\/eubena-nampitjin-kinyu-2\/\" target=\"_blank\">        <div class=\"image-caption-box\">\r\n            <div class=\"caption no-effect\"\r\n                style=\"background-color: ;\r\n                    color: ;\">\r\n                <div style=\"display:table;height:100%;width: 100%;\">\r\n                    <div class=\"centered-text\" style=\"text-align: auto; padding: 5px;\">\r\n                        <h3>Eubena Nampitjin<\/h3><h3><strong>Kinyu<\/strong> (2009)<\/h3><h3>Taille douce sur zinc<\/h3>                    <\/div>\r\n                <\/div>\r\n            <\/div>\r\n            <img class=\"wcp-caption-image\" src=\"http:\/\/www.artandtracks.com\/wp-content\/uploads\/2023\/09\/Eubena-4.jpg\" title=\"Eubena Nampitjin - Kinyu 2\" alt=\"\" style=\"\"\/>\r\n        <\/div>\r\n\r\n    <\/a><\/div>\r\n<style>\r\n    <\/style>            <\/div>\r\n            \r\n                                <div class=\"col-1-4\" style=\"padding: 10px;\">\r\n                <div class=\"wcp-caption-plugin\" ontouchstart=\"\" id=\"wcp-widget-1385-4\" style=\"\">\r\n    <a  href=\"http:\/\/www.artandtracks.com\/index.php\/eubena-nampitjin-kinyu-at-midjul\/\" target=\"_blank\">        <div class=\"image-caption-box\">\r\n            <div class=\"caption no-effect\"\r\n                style=\"background-color: ;\r\n                    color: ;\">\r\n                <div style=\"display:table;height:100%;width: 100%;\">\r\n                    <div class=\"centered-text\" style=\"text-align: auto; padding: 5px;\">\r\n                        <h3>Eubena Nampitjin<\/h3><h3><strong>Kinyu at Midjul<\/strong> (2011)<\/h3><h3>Acrylique sur toile<\/h3>                    <\/div>\r\n                <\/div>\r\n            <\/div>\r\n            <img class=\"wcp-caption-image\" src=\"http:\/\/www.artandtracks.com\/wp-content\/uploads\/2023\/09\/20191128_114055-1.jpg\" title=\"Eubena Nampitjin - Kinyu at Midjul\" alt=\"\" style=\"\"\/>\r\n        <\/div>\r\n\r\n    <\/a><\/div>\r\n<style>\r\n    <\/style>            <\/div>\r\n            \r\n            <\/div>\r\n    \r\n\r\n    \r\n    <div class=\"clearfix\"><\/div>\r\n    \r\n<\/div>\n","protected":false},"excerpt":{"rendered":"<p>Ces trois estampes, chefs-d&#8217;oeuvre de l&#8217;estampe aborig\u00e8ne, forment le testament artistique de Eubena Nampitjin. De l&#8217;eau \u00e0 la terre et jusqu&#8217;au ciel, elles dessinent le cycle atemporel du d\u00e9sert. Pluie fertile, spinifex sculptural et noble soleil, toujours renouvel\u00e9s. La r\u00e9alisation de ces pi\u00e8ces essentielles n\u00e9cessita, ph\u00e9nom\u00e8ne commun aux grands projets de printmaking aborig\u00e8ne, de long allers-retours entre l\u2019universit\u00e9 de Darwin,&hellip;<\/p>\n","protected":false},"author":1,"featured_media":0,"parent":0,"menu_order":0,"comment_status":"closed","ping_status":"closed","template":"","meta":[],"_links":{"self":[{"href":"https:\/\/www.artandtracks.com\/index.php\/wp-json\/wp\/v2\/pages\/1378"}],"collection":[{"href":"https:\/\/www.artandtracks.com\/index.php\/wp-json\/wp\/v2\/pages"}],"about":[{"href":"https:\/\/www.artandtracks.com\/index.php\/wp-json\/wp\/v2\/types\/page"}],"author":[{"embeddable":true,"href":"https:\/\/www.artandtracks.com\/index.php\/wp-json\/wp\/v2\/users\/1"}],"replies":[{"embeddable":true,"href":"https:\/\/www.artandtracks.com\/index.php\/wp-json\/wp\/v2\/comments?post=1378"}],"version-history":[{"count":10,"href":"https:\/\/www.artandtracks.com\/index.php\/wp-json\/wp\/v2\/pages\/1378\/revisions"}],"predecessor-version":[{"id":1401,"href":"https:\/\/www.artandtracks.com\/index.php\/wp-json\/wp\/v2\/pages\/1378\/revisions\/1401"}],"wp:attachment":[{"href":"https:\/\/www.artandtracks.com\/index.php\/wp-json\/wp\/v2\/media?parent=1378"}],"curies":[{"name":"wp","href":"https:\/\/api.w.org\/{rel}","templated":true}]}}