{"id":1373,"date":"2023-09-13T05:43:13","date_gmt":"2023-09-13T03:43:13","guid":{"rendered":"http:\/\/www.artandtracks.com\/?page_id=1373"},"modified":"2023-09-13T05:43:13","modified_gmt":"2023-09-13T03:43:13","slug":"eubena-nampitjin-kinyu-3","status":"publish","type":"page","link":"https:\/\/www.artandtracks.com\/index.php\/eubena-nampitjin-kinyu-3\/","title":{"rendered":"Eubena Nampitjin &#8211; &#8220;Kinyu&#8221;"},"content":{"rendered":"\n<figure class=\"wp-block-image size-medium\"><img decoding=\"async\" loading=\"lazy\" width=\"242\" height=\"300\" src=\"http:\/\/www.artandtracks.com\/wp-content\/uploads\/2023\/09\/3E526_029-1-242x300.jpg\" alt=\"\" class=\"wp-image-1185\" srcset=\"https:\/\/www.artandtracks.com\/wp-content\/uploads\/2023\/09\/3E526_029-1-242x300.jpg 242w, https:\/\/www.artandtracks.com\/wp-content\/uploads\/2023\/09\/3E526_029-1-825x1024.jpg 825w, https:\/\/www.artandtracks.com\/wp-content\/uploads\/2023\/09\/3E526_029-1-768x953.jpg 768w, https:\/\/www.artandtracks.com\/wp-content\/uploads\/2023\/09\/3E526_029-1-600x745.jpg 600w, https:\/\/www.artandtracks.com\/wp-content\/uploads\/2023\/09\/3E526_029-1-1238x1536.jpg 1238w, https:\/\/www.artandtracks.com\/wp-content\/uploads\/2023\/09\/3E526_029-1-1650x2048.jpg 1650w, https:\/\/www.artandtracks.com\/wp-content\/uploads\/2023\/09\/3E526_029-1-800x993.jpg 800w\" sizes=\"(max-width: 242px) 100vw, 242px\" \/><\/figure>\n\n\n\n<h2 class=\"wp-block-heading\"><strong>Titre d<\/strong><strong>e l\u2019\u0153uvre :<\/strong><\/h2>\n\n\n\n<p>Kinyu<\/p>\n\n\n\n<h2 class=\"wp-block-heading\"><strong>Artiste :<\/strong><\/h2>\n\n\n\n<p>Eubena Nampitjin (1921-2013)<\/p>\n\n\n\n<h2 class=\"wp-block-heading\"><strong>Technique :<\/strong><\/h2>\n\n\n\n<p>Taille douce sur zinc (aquatinte au sucre et effets d\u2019encrage) sur papier blanc au timbre sec de Nothern Editions<\/p>\n\n\n\n<p>Sign\u00e9e au crayon en partie inf\u00e9rieure droite et num\u00e9rot\u00e9e 18\/20 au crayon en partie inf\u00e9rieure gauche<\/p>\n\n\n\n<h2 class=\"wp-block-heading\"><strong>Dimension(s) :<\/strong><\/h2>\n\n\n\n<p>50 x 40 cm <em>image<\/em> <em>(coup de planche)<\/em><\/p>\n\n\n\n<h2 class=\"wp-block-heading\"><strong>Ann\u00e9e et lieu de cr\u00e9ation :<\/strong><\/h2>\n\n\n\n<p>2012-2013 \/ communaut\u00e9 de Balgo Hills, Warlayirti Artists<\/p>\n\n\n\n<h2 class=\"wp-block-heading\"><strong>A propos :<\/strong><\/h2>\n\n\n\n<p>Cette \u0153uvre fluide, liquide, amorce une s\u00e9rie de trois estampes grav\u00e9es par Eubena Nampitjin \u00e0 la toute fin de sa vie. La r\u00e9alisation de ces pi\u00e8ces essentielles n\u00e9cessita, ph\u00e9nom\u00e8ne commun aux grands projets de <em>printmaking<\/em> aborig\u00e8ne, de long allers-retours entre l\u2019universit\u00e9 de Darwin, si\u00e8ge de Nothern Editions, et la communaut\u00e9 de Balgo Hills, par del\u00e0 la Tanami Track.<\/p>\n\n\n\n<p>Les \u00e9preuves ne revinrent au centre d\u2019art qu\u2019apr\u00e8s la mort de Eubena. Sa fille, l\u2019artiste Jane Gimme, fit le choix courageux d\u2019apposer sa signature au bas de chacun des tirages, par respect pour sa m\u00e8re disparue, comme la marque ultime d\u2019une parole plastique qui jamais ne s\u2019\u00e9teint.<\/p>\n\n\n\n<p>Le certificat qui accompagne la gravure atteste de sa pleine appartenance \u00e0 l\u2019\u0153uvre de Eubena Namptitjin.<\/p>\n","protected":false},"excerpt":{"rendered":"<p>Titre de l\u2019\u0153uvre : Kinyu Artiste : Eubena Nampitjin (1921-2013) Technique : Taille douce sur zinc (aquatinte au sucre et effets d\u2019encrage) sur papier blanc au timbre sec de Nothern Editions Sign\u00e9e au crayon en partie inf\u00e9rieure droite et num\u00e9rot\u00e9e 18\/20 au crayon en partie inf\u00e9rieure gauche Dimension(s) : 50 x 40 cm image (coup de planche) Ann\u00e9e et lieu&hellip;<\/p>\n","protected":false},"author":1,"featured_media":0,"parent":0,"menu_order":0,"comment_status":"closed","ping_status":"closed","template":"","meta":[],"_links":{"self":[{"href":"https:\/\/www.artandtracks.com\/index.php\/wp-json\/wp\/v2\/pages\/1373"}],"collection":[{"href":"https:\/\/www.artandtracks.com\/index.php\/wp-json\/wp\/v2\/pages"}],"about":[{"href":"https:\/\/www.artandtracks.com\/index.php\/wp-json\/wp\/v2\/types\/page"}],"author":[{"embeddable":true,"href":"https:\/\/www.artandtracks.com\/index.php\/wp-json\/wp\/v2\/users\/1"}],"replies":[{"embeddable":true,"href":"https:\/\/www.artandtracks.com\/index.php\/wp-json\/wp\/v2\/comments?post=1373"}],"version-history":[{"count":1,"href":"https:\/\/www.artandtracks.com\/index.php\/wp-json\/wp\/v2\/pages\/1373\/revisions"}],"predecessor-version":[{"id":1374,"href":"https:\/\/www.artandtracks.com\/index.php\/wp-json\/wp\/v2\/pages\/1373\/revisions\/1374"}],"wp:attachment":[{"href":"https:\/\/www.artandtracks.com\/index.php\/wp-json\/wp\/v2\/media?parent=1373"}],"curies":[{"name":"wp","href":"https:\/\/api.w.org\/{rel}","templated":true}]}}