{"id":1365,"date":"2023-09-13T05:33:45","date_gmt":"2023-09-13T03:33:45","guid":{"rendered":"http:\/\/www.artandtracks.com\/?page_id=1365"},"modified":"2023-09-13T05:34:15","modified_gmt":"2023-09-13T03:34:15","slug":"pepai-carroll-3","status":"publish","type":"page","link":"https:\/\/www.artandtracks.com\/index.php\/pepai-carroll-3\/","title":{"rendered":"Pepai Carroll &#8211; &#8220;Gr\u00e8s [sans titre]&#8221;"},"content":{"rendered":"\n<figure class=\"wp-block-image size-medium\"><a href=\"http:\/\/www.artandtracks.com\/wp-content\/uploads\/2023\/09\/Pepai-Carroll-1.jpg\"><img decoding=\"async\" loading=\"lazy\" width=\"194\" height=\"300\" src=\"http:\/\/www.artandtracks.com\/wp-content\/uploads\/2023\/09\/Pepai-Carroll-1-194x300.jpg\" alt=\"\" class=\"wp-image-1357\" srcset=\"https:\/\/www.artandtracks.com\/wp-content\/uploads\/2023\/09\/Pepai-Carroll-1-194x300.jpg 194w, https:\/\/www.artandtracks.com\/wp-content\/uploads\/2023\/09\/Pepai-Carroll-1-664x1024.jpg 664w, https:\/\/www.artandtracks.com\/wp-content\/uploads\/2023\/09\/Pepai-Carroll-1-768x1185.jpg 768w, https:\/\/www.artandtracks.com\/wp-content\/uploads\/2023\/09\/Pepai-Carroll-1-600x926.jpg 600w, https:\/\/www.artandtracks.com\/wp-content\/uploads\/2023\/09\/Pepai-Carroll-1-996x1536.jpg 996w, https:\/\/www.artandtracks.com\/wp-content\/uploads\/2023\/09\/Pepai-Carroll-1-1327x2048.jpg 1327w, https:\/\/www.artandtracks.com\/wp-content\/uploads\/2023\/09\/Pepai-Carroll-1-800x1234.jpg 800w, https:\/\/www.artandtracks.com\/wp-content\/uploads\/2023\/09\/Pepai-Carroll-1.jpg 1470w\" sizes=\"(max-width: 194px) 100vw, 194px\" \/><\/a><\/figure>\n\n\n\n<h2 class=\"wp-block-heading\"><strong>Titre de l\u2019\u0153uvre :<\/strong><\/h2>\n\n\n\n<p>Gr\u00e8s [sans titre]<\/p>\n\n\n\n<h2 class=\"wp-block-heading\"><strong>Artiste :<\/strong><\/h2>\n\n\n\n<p>Pepai Jangala Carroll (1950-2021)<\/p>\n\n\n\n<h2 class=\"wp-block-heading\"><strong>Technique :<\/strong><\/h2>\n\n\n\n<p>C\u00e9ramique (gr\u00e8s)<\/p>\n\n\n\n<h2 class=\"wp-block-heading\"><strong>Dimension(s) :<\/strong><\/h2>\n\n\n\n<p>42,5 x 25,5 cm<\/p>\n\n\n\n<h2 class=\"wp-block-heading\"><strong>Ann\u00e9e et lieu de cr\u00e9ation :<\/strong><\/h2>\n\n\n\n<p>2018 \/ communaut\u00e9 de Pukatja, Ernabella arts<\/p>\n","protected":false},"excerpt":{"rendered":"<p>Titre de l\u2019\u0153uvre : Gr\u00e8s [sans titre] Artiste : Pepai Jangala Carroll (1950-2021) Technique : C\u00e9ramique (gr\u00e8s) Dimension(s) : 42,5 x 25,5 cm Ann\u00e9e et lieu de cr\u00e9ation : 2018 \/ communaut\u00e9 de Pukatja, Ernabella arts<\/p>\n","protected":false},"author":1,"featured_media":0,"parent":0,"menu_order":0,"comment_status":"closed","ping_status":"closed","template":"","meta":[],"_links":{"self":[{"href":"https:\/\/www.artandtracks.com\/index.php\/wp-json\/wp\/v2\/pages\/1365"}],"collection":[{"href":"https:\/\/www.artandtracks.com\/index.php\/wp-json\/wp\/v2\/pages"}],"about":[{"href":"https:\/\/www.artandtracks.com\/index.php\/wp-json\/wp\/v2\/types\/page"}],"author":[{"embeddable":true,"href":"https:\/\/www.artandtracks.com\/index.php\/wp-json\/wp\/v2\/users\/1"}],"replies":[{"embeddable":true,"href":"https:\/\/www.artandtracks.com\/index.php\/wp-json\/wp\/v2\/comments?post=1365"}],"version-history":[{"count":3,"href":"https:\/\/www.artandtracks.com\/index.php\/wp-json\/wp\/v2\/pages\/1365\/revisions"}],"predecessor-version":[{"id":1368,"href":"https:\/\/www.artandtracks.com\/index.php\/wp-json\/wp\/v2\/pages\/1365\/revisions\/1368"}],"wp:attachment":[{"href":"https:\/\/www.artandtracks.com\/index.php\/wp-json\/wp\/v2\/media?parent=1365"}],"curies":[{"name":"wp","href":"https:\/\/api.w.org\/{rel}","templated":true}]}}