{"id":1363,"date":"2023-09-13T05:21:06","date_gmt":"2023-09-13T03:21:06","guid":{"rendered":"http:\/\/www.artandtracks.com\/?page_id=1363"},"modified":"2023-09-21T04:44:42","modified_gmt":"2023-09-21T02:44:42","slug":"janet-dreamer-kimberley-brut","status":"publish","type":"page","link":"https:\/\/www.artandtracks.com\/index.php\/janet-dreamer-kimberley-brut\/","title":{"rendered":"Janet Dreamer &#8211; Kimberley brut"},"content":{"rendered":"\n<p>Baobabs, l\u00e9zards, bush turkey, \u00e9meus, collines, chemins du R\u00eave, serpents et anc\u00eatres peuplent le Kimberley de Janet Dreamer. Et si nous en percevons certains signes, c&#8217;est bien que le peintre a su jouer avec deux traditions picturales pour \u00e9tendre son message. <\/p>\n\n\n\n<p>Fusion brut de signes ancestraux et de motifs figuratifs, ses oeuvres nous entrainent dans une cosmogonie infiniment personnelle, faite de trajectoires narratives ambivalentes. D&#8217;une densit\u00e9 rare, elles s&#8217;imposent comme des imbrications organiques de couleurs, de formes ou de textures, alli\u00e9es ou disjointent, au service de nombreux d\u00e9gr\u00e9s de lecture et leur traitement parfois tr\u00e8s graphique lib\u00e8re le signe. Correspondances, confrontations, r\u00e9sonnances se r\u00e9v\u00e8lent \u00e0 qui laisse son oeil plonger au coeur des formes. S&#8217;il est parfois difficile d&#8217;embrasser chaque toile dans sa totalit\u00e9, le brio du peintre capte le regard, abolit toute distance et nous transporte avec g\u00e9n\u00e9rosit\u00e9, presque gourmandise dans ses visions coloristes.  <\/p>\n\n\n\n<p>Janet Dreamer (1959-2022) est n\u00e9e \u00e0 Old Flora Valley Station, non loin de Halls Creek o\u00f9 elle s&#8217;\u00e9tablit dans les ann\u00e9es 1990&#8217;s. De cette ville \u00e0 la porte du d\u00e9sert, \u00e0 l&#8217;extr\u00e9mit\u00e9 nord ouest de la Tanami track, de ses parents originaires de Billiluna et de Balgo, dans le Tanami desert, elle sut puiser des r\u00e9pertoires de formes, des histoires, des fragments du R\u00eave qu&#8217;elle mit en sc\u00e8ne dans ses toiles. Figure unique au sein d&#8217;un art qui peine \u00e0 s&#8217;extraire des attentes d&#8217;un march\u00e9 bien \u00e9tabli, Janet Dreamer porta avec d\u00e9termination son regard brut sur les collines du Kimberley, d\u00e9passant par son talent et son style les limites de l&#8217;art aborig\u00e8ne traditionnel.<\/p>\n\n\n<div class=\"ich-prefix\">\r\n\r\n    \r\n    <div class=\"row wcp-fgg-wrap\" style=\"width:auto;margin-left: -10px;margin-right: -10px;\">\r\n\r\n                                <div class=\"col-1-3\" style=\"padding: 10px;\">\r\n                <div class=\"wcp-caption-plugin\" ontouchstart=\"\" id=\"wcp-widget-1362-1\" style=\"\">\r\n    <a  href=\"http:\/\/www.artandtracks.com\/index.php\/janet-dreamer-my-mothers-country-old-flora-valley-station-wungu-2\/\" target=\"_blank\">        <div class=\"image-caption-box\">\r\n            <div class=\"caption no-effect\"\r\n                style=\"background-color: ;\r\n                    color: ;\">\r\n                <div style=\"display:table;height:100%;width: 100%;\">\r\n                    <div class=\"centered-text\" style=\"text-align: auto; padding: 5px;\">\r\n                        <h3>Janet Dreamer<\/h3><h3><strong>My Mother\u2019s Country - Old Flora Valley Station - Wungu<\/strong> (2021)<\/h3><h3>Acrylique sur toile<\/h3>                    <\/div>\r\n                <\/div>\r\n            <\/div>\r\n            <img class=\"wcp-caption-image\" src=\"http:\/\/www.artandtracks.com\/wp-content\/uploads\/2023\/09\/20230514_110010-1.jpg\" title=\"Janet Dreamer - My Mother\u2019s Country - Old Flora Valley Station - Wungu 2\" alt=\"\" style=\"\"\/>\r\n        <\/div>\r\n\r\n    <\/a><\/div>\r\n<style>\r\n    <\/style>            <\/div>\r\n            \r\n                                <div class=\"col-1-3\" style=\"padding: 10px;\">\r\n                <div class=\"wcp-caption-plugin\" ontouchstart=\"\" id=\"wcp-widget-1362-2\" style=\"\">\r\n    <a  href=\"http:\/\/www.artandtracks.com\/index.php\/janet-dreamer-my-mothers-country-old-flora-valley-station-wungu-3\/\" target=\"_blank\">        <div class=\"image-caption-box\">\r\n            <div class=\"caption no-effect\"\r\n                style=\"background-color: ;\r\n                    color: ;\">\r\n                <div style=\"display:table;height:100%;width: 100%;\">\r\n                    <div class=\"centered-text\" style=\"text-align: auto; padding: 5px;\">\r\n                        <h3>Janet Dreamer<\/h3><h3><strong>My Mother\u2019s Country - Old Flora Valley Station - Wungu<\/strong> (2021)<\/h3><h3>Acrylique sur toile<\/h3>                    <\/div>\r\n                <\/div>\r\n            <\/div>\r\n            <img class=\"wcp-caption-image\" src=\"http:\/\/www.artandtracks.com\/wp-content\/uploads\/2023\/09\/20230514_094225-1.jpg\" title=\"Janet Dreamer - My Mother\u2019s Country - Old Flora Valley Station - Wungu 3\" alt=\"\" style=\"\"\/>\r\n        <\/div>\r\n\r\n    <\/a><\/div>\r\n<style>\r\n    <\/style>            <\/div>\r\n            \r\n                                <div class=\"col-1-3\" style=\"padding: 10px;\">\r\n                <div class=\"wcp-caption-plugin\" ontouchstart=\"\" id=\"wcp-widget-1362-3\" style=\"\">\r\n    <a  href=\"http:\/\/www.artandtracks.com\/index.php\/janet-dreamer-my-mothers-country-old-flora-valley-station-wungu\/\" target=\"_blank\">        <div class=\"image-caption-box\">\r\n            <div class=\"caption no-effect\"\r\n                style=\"background-color: ;\r\n                    color: ;\">\r\n                <div style=\"display:table;height:100%;width: 100%;\">\r\n                    <div class=\"centered-text\" style=\"text-align: auto; padding: 5px;\">\r\n                        <h3>Janet Dreamer<\/h3><h3><strong>My Mother\u2019s Country - Old Flora Valley Station - Wungu<\/strong> (2019)<\/h3><h3>Acrylique sur toile<\/h3>                    <\/div>\r\n                <\/div>\r\n            <\/div>\r\n            <img class=\"wcp-caption-image\" src=\"http:\/\/www.artandtracks.com\/wp-content\/uploads\/2023\/09\/20230514_094254-1.jpg\" title=\"Janet Dreamer - My Mother\u2019s Country - Old Flora Valley Station - Wungu 1\" alt=\"\" style=\"\"\/>\r\n        <\/div>\r\n\r\n    <\/a><\/div>\r\n<style>\r\n    <\/style>            <\/div>\r\n            \r\n                                <div class=\"col-1-3\" style=\"padding: 10px;\">\r\n                <div class=\"wcp-caption-plugin\" ontouchstart=\"\" id=\"wcp-widget-1362-4\" style=\"\">\r\n    <a  href=\"http:\/\/www.artandtracks.com\/index.php\/janet-dreamer-moondoo-plains\/\" target=\"_blank\">        <div class=\"image-caption-box\">\r\n            <div class=\"caption no-effect\"\r\n                style=\"background-color: ;\r\n                    color: ;\">\r\n                <div style=\"display:table;height:100%;width: 100%;\">\r\n                    <div class=\"centered-text\" style=\"text-align: auto; padding: 5px;\">\r\n                        <h3>Janet Dreamer<\/h3><h3><strong>Moondoo Plains<\/strong> (2019)<\/h3><h3>Acrylique sur toile<\/h3>                    <\/div>\r\n                <\/div>\r\n            <\/div>\r\n            <img class=\"wcp-caption-image\" src=\"http:\/\/www.artandtracks.com\/wp-content\/uploads\/2023\/09\/20230514_094219-1.jpg\" title=\"Janet Dreamer - Moondoo Plains\" alt=\"\" style=\"\"\/>\r\n        <\/div>\r\n\r\n    <\/a><\/div>\r\n<style>\r\n    <\/style>            <\/div>\r\n            \r\n                                <div class=\"col-1-3\" style=\"padding: 10px;\">\r\n                <div class=\"wcp-caption-plugin\" ontouchstart=\"\" id=\"wcp-widget-1362-5\" style=\"\">\r\n    <a  href=\"http:\/\/www.artandtracks.com\/index.php\/janet-dreamer-walkabout\/\" target=\"_blank\">        <div class=\"image-caption-box\">\r\n            <div class=\"caption no-effect\"\r\n                style=\"background-color: ;\r\n                    color: ;\">\r\n                <div style=\"display:table;height:100%;width: 100%;\">\r\n                    <div class=\"centered-text\" style=\"text-align: auto; padding: 5px;\">\r\n                        <h3>Janet Dreamer<\/h3><h3><strong>Walkabout<\/strong> (2018)<\/h3><h3>Acrylique sur toile<\/h3>                    <\/div>\r\n                <\/div>\r\n            <\/div>\r\n            <img class=\"wcp-caption-image\" src=\"http:\/\/www.artandtracks.com\/wp-content\/uploads\/2023\/09\/20230514_094231-1.jpg\" title=\"Janet Dreamer - Walkabout\" alt=\"\" style=\"\"\/>\r\n        <\/div>\r\n\r\n    <\/a><\/div>\r\n<style>\r\n    <\/style>            <\/div>\r\n            \r\n                                <div class=\"col-1-3\" style=\"padding: 10px;\">\r\n                <div class=\"wcp-caption-plugin\" ontouchstart=\"\" id=\"wcp-widget-1362-6\" style=\"\">\r\n    <a  href=\"http:\/\/www.artandtracks.com\/index.php\/janet-dreamer-walkabout-2\/\" target=\"_blank\">        <div class=\"image-caption-box\">\r\n            <div class=\"caption no-effect\"\r\n                style=\"background-color: ;\r\n                    color: ;\">\r\n                <div style=\"display:table;height:100%;width: 100%;\">\r\n                    <div class=\"centered-text\" style=\"text-align: auto; padding: 5px;\">\r\n                        <h3>Janet Dreamer<\/h3><h3><strong>Walkabout<\/strong> (2019)<\/h3><h3>Acrylique sur toile<\/h3>                    <\/div>\r\n                <\/div>\r\n            <\/div>\r\n            <img class=\"wcp-caption-image\" src=\"http:\/\/www.artandtracks.com\/wp-content\/uploads\/2023\/09\/20230514_094213-1.jpg\" title=\"Janet Dreamer - Walkabout 2\" alt=\"\" style=\"\"\/>\r\n        <\/div>\r\n\r\n    <\/a><\/div>\r\n<style>\r\n    <\/style>            <\/div>\r\n            \r\n            <\/div>\r\n    \r\n\r\n    \r\n    <div class=\"clearfix\"><\/div>\r\n    \r\n<\/div>\n","protected":false},"excerpt":{"rendered":"<p>Baobabs, l\u00e9zards, bush turkey, \u00e9meus, collines, chemins du R\u00eave, serpents et anc\u00eatres peuplent le Kimberley de Janet Dreamer. Et si nous en percevons certains signes, c&#8217;est bien que le peintre a su jouer avec deux traditions picturales pour \u00e9tendre son message. Fusion brut de signes ancestraux et de motifs figuratifs, ses oeuvres nous entrainent dans une cosmogonie infiniment personnelle, faite&hellip;<\/p>\n","protected":false},"author":1,"featured_media":0,"parent":0,"menu_order":0,"comment_status":"closed","ping_status":"closed","template":"","meta":[],"_links":{"self":[{"href":"https:\/\/www.artandtracks.com\/index.php\/wp-json\/wp\/v2\/pages\/1363"}],"collection":[{"href":"https:\/\/www.artandtracks.com\/index.php\/wp-json\/wp\/v2\/pages"}],"about":[{"href":"https:\/\/www.artandtracks.com\/index.php\/wp-json\/wp\/v2\/types\/page"}],"author":[{"embeddable":true,"href":"https:\/\/www.artandtracks.com\/index.php\/wp-json\/wp\/v2\/users\/1"}],"replies":[{"embeddable":true,"href":"https:\/\/www.artandtracks.com\/index.php\/wp-json\/wp\/v2\/comments?post=1363"}],"version-history":[{"count":15,"href":"https:\/\/www.artandtracks.com\/index.php\/wp-json\/wp\/v2\/pages\/1363\/revisions"}],"predecessor-version":[{"id":1645,"href":"https:\/\/www.artandtracks.com\/index.php\/wp-json\/wp\/v2\/pages\/1363\/revisions\/1645"}],"wp:attachment":[{"href":"https:\/\/www.artandtracks.com\/index.php\/wp-json\/wp\/v2\/media?parent=1363"}],"curies":[{"name":"wp","href":"https:\/\/api.w.org\/{rel}","templated":true}]}}