{"id":1358,"date":"2023-09-13T05:13:39","date_gmt":"2023-09-13T03:13:39","guid":{"rendered":"http:\/\/www.artandtracks.com\/?page_id=1358"},"modified":"2023-09-21T04:40:36","modified_gmt":"2023-09-21T02:40:36","slug":"peintures-a-locre-de-warmun","status":"publish","type":"page","link":"https:\/\/www.artandtracks.com\/index.php\/peintures-a-locre-de-warmun\/","title":{"rendered":"Peintures \u00e0 l&#8217;ocre de Warmun"},"content":{"rendered":"\n<p>Dans les collines du Kimberley, au nord ouest de l&#8217;Australie, entre baobabs et chevaux sauvages, se d\u00e9veloppe un style monumental connu sous le nom d&#8217;\u00e9cole de Warmun. Peintes \u00e0 l&#8217;ocre naturel, collect\u00e9 par les membres de la communaut\u00e9, ces oeuvres d\u00e9ploient en majest\u00e9 leurs larges applats minimalistes, racontant en abime le Ngarrangarrni, le Temps du R\u00eave, dans la matit\u00e9 de leurs surfaces. Ici plus qu&#8217;ailleurs l&#8217;espace s&#8217;\u00e9tire, les formes se mod\u00e8lent, la toile se fait sculture. Restent les points, les traces, pas, \u00eatres, toute la vie qui s&#8217;anime, dans la scansion radicale du signe.<\/p>\n\n\n<div class=\"ich-prefix\">\r\n\r\n    \r\n    <div class=\"row wcp-fgg-wrap\" style=\"width:auto;margin-left: -10px;margin-right: -10px;\">\r\n\r\n                                <div class=\"col-1-3\" style=\"padding: 10px;\">\r\n                <div class=\"wcp-caption-plugin\" ontouchstart=\"\" id=\"wcp-widget-1359-1\" style=\"\">\r\n    <a  href=\"http:\/\/www.artandtracks.com\/index.php\/churchill-cann-moorliji\/\" target=\"_blank\">        <div class=\"image-caption-box\">\r\n            <div class=\"caption no-effect\"\r\n                style=\"background-color: ;\r\n                    color: ;\">\r\n                <div style=\"display:table;height:100%;width: 100%;\">\r\n                    <div class=\"centered-text\" style=\"text-align: auto; padding: 5px;\">\r\n                        <h3>Churchill Cann<\/h3><h3><strong>Moorliji<\/strong> (2015)<\/h3><h3>Ocre sur toile<\/h3>                    <\/div>\r\n                <\/div>\r\n            <\/div>\r\n            <img class=\"wcp-caption-image\" src=\"http:\/\/www.artandtracks.com\/wp-content\/uploads\/2023\/09\/Churchill-Cann-1.jpg\" title=\"Churchill Cann - Moorliji\" alt=\"\" style=\"\"\/>\r\n        <\/div>\r\n\r\n    <\/a><\/div>\r\n<style>\r\n    <\/style>            <\/div>\r\n            \r\n                                <div class=\"col-1-3\" style=\"padding: 10px;\">\r\n                <div class=\"wcp-caption-plugin\" ontouchstart=\"\" id=\"wcp-widget-1359-2\" style=\"\">\r\n    <a  href=\"http:\/\/www.artandtracks.com\/index.php\/rusty-peters-billimack-spring\/\" target=\"_blank\">        <div class=\"image-caption-box\">\r\n            <div class=\"caption no-effect\"\r\n                style=\"background-color: ;\r\n                    color: ;\">\r\n                <div style=\"display:table;height:100%;width: 100%;\">\r\n                    <div class=\"centered-text\" style=\"text-align: auto; padding: 5px;\">\r\n                        <h3>Rusty Peters<\/h3><h3><strong>Billimack spring<\/strong> (2012)<\/h3><h3>Ocre sur toile<\/h3>                    <\/div>\r\n                <\/div>\r\n            <\/div>\r\n            <img class=\"wcp-caption-image\" src=\"http:\/\/www.artandtracks.com\/wp-content\/uploads\/2023\/09\/Rusty-Peters-2-1.jpg\" title=\"Rusty Peters - Billimack spring\" alt=\"\" style=\"\"\/>\r\n        <\/div>\r\n\r\n    <\/a><\/div>\r\n<style>\r\n    <\/style>            <\/div>\r\n            \r\n                                <div class=\"col-1-3\" style=\"padding: 10px;\">\r\n                <div class=\"wcp-caption-plugin\" ontouchstart=\"\" id=\"wcp-widget-1359-3\" style=\"\">\r\n    <a  href=\"http:\/\/www.artandtracks.com\/index.php\/mabel-juli-nyawoorroo\/\" target=\"_blank\">        <div class=\"image-caption-box\">\r\n            <div class=\"caption no-effect\"\r\n                style=\"background-color: ;\r\n                    color: ;\">\r\n                <div style=\"display:table;height:100%;width: 100%;\">\r\n                    <div class=\"centered-text\" style=\"text-align: auto; padding: 5px;\">\r\n                        <h3>Mabel Juli<\/h3><h3><strong>Nyawoorroo<\/strong> (2023)<\/h3><h3>Ocre sur toile<\/h3>                    <\/div>\r\n                <\/div>\r\n            <\/div>\r\n            <img class=\"wcp-caption-image\" src=\"http:\/\/www.artandtracks.com\/wp-content\/uploads\/2023\/09\/Maybel-1.jpg\" title=\"Mabel Juli - Nyawoorroo\" alt=\"\" style=\"\"\/>\r\n        <\/div>\r\n\r\n    <\/a><\/div>\r\n<style>\r\n    <\/style>            <\/div>\r\n            \r\n                                <div class=\"col-1-3\" style=\"padding: 10px;\">\r\n                <div class=\"wcp-caption-plugin\" ontouchstart=\"\" id=\"wcp-widget-1359-4\" style=\"\">\r\n    <a  href=\"http:\/\/www.artandtracks.com\/index.php\/gordon-barney-birnoo-country\/\" target=\"_blank\">        <div class=\"image-caption-box\">\r\n            <div class=\"caption no-effect\"\r\n                style=\"background-color: ;\r\n                    color: ;\">\r\n                <div style=\"display:table;height:100%;width: 100%;\">\r\n                    <div class=\"centered-text\" style=\"text-align: auto; padding: 5px;\">\r\n                        <h3>Gordon Barney<\/h3><h3><strong>Birnoo Country<\/strong> (2015)<\/h3><h3>Ocre sur toile<\/h3>                    <\/div>\r\n                <\/div>\r\n            <\/div>\r\n            <img class=\"wcp-caption-image\" src=\"http:\/\/www.artandtracks.com\/wp-content\/uploads\/2023\/09\/Gordon-1.jpg\" title=\"Gordon Barney - Birnoo Country\" alt=\"\" style=\"\"\/>\r\n        <\/div>\r\n\r\n    <\/a><\/div>\r\n<style>\r\n    <\/style>            <\/div>\r\n            \r\n                                <div class=\"col-1-3\" style=\"padding: 10px;\">\r\n                <div class=\"wcp-caption-plugin\" ontouchstart=\"\" id=\"wcp-widget-1359-5\" style=\"\">\r\n    <a  href=\"http:\/\/www.artandtracks.com\/index.php\/yvonne-martin-sans-titre\/\" target=\"_blank\">        <div class=\"image-caption-box\">\r\n            <div class=\"caption no-effect\"\r\n                style=\"background-color: ;\r\n                    color: ;\">\r\n                <div style=\"display:table;height:100%;width: 100%;\">\r\n                    <div class=\"centered-text\" style=\"text-align: auto; padding: 5px;\">\r\n                        <h3>Yvonne Martin<\/h3><h3><strong>[sans titre]<\/strong> (2019)<\/h3><h3>Ocre sur toile<\/h3>                    <\/div>\r\n                <\/div>\r\n            <\/div>\r\n            <img class=\"wcp-caption-image\" src=\"http:\/\/www.artandtracks.com\/wp-content\/uploads\/2023\/09\/Martin-2.jpg\" title=\"Yvonne Martin - sans titre\" alt=\"\" style=\"\"\/>\r\n        <\/div>\r\n\r\n    <\/a><\/div>\r\n<style>\r\n    <\/style>            <\/div>\r\n            \r\n            <\/div>\r\n    \r\n\r\n    \r\n    <div class=\"clearfix\"><\/div>\r\n    \r\n<\/div>\n","protected":false},"excerpt":{"rendered":"<p>Dans les collines du Kimberley, au nord ouest de l&#8217;Australie, entre baobabs et chevaux sauvages, se d\u00e9veloppe un style monumental connu sous le nom d&#8217;\u00e9cole de Warmun. Peintes \u00e0 l&#8217;ocre naturel, collect\u00e9 par les membres de la communaut\u00e9, ces oeuvres d\u00e9ploient en majest\u00e9 leurs larges applats minimalistes, racontant en abime le Ngarrangarrni, le Temps du R\u00eave, dans la matit\u00e9 de&hellip;<\/p>\n","protected":false},"author":1,"featured_media":0,"parent":0,"menu_order":0,"comment_status":"closed","ping_status":"closed","template":"","meta":[],"_links":{"self":[{"href":"https:\/\/www.artandtracks.com\/index.php\/wp-json\/wp\/v2\/pages\/1358"}],"collection":[{"href":"https:\/\/www.artandtracks.com\/index.php\/wp-json\/wp\/v2\/pages"}],"about":[{"href":"https:\/\/www.artandtracks.com\/index.php\/wp-json\/wp\/v2\/types\/page"}],"author":[{"embeddable":true,"href":"https:\/\/www.artandtracks.com\/index.php\/wp-json\/wp\/v2\/users\/1"}],"replies":[{"embeddable":true,"href":"https:\/\/www.artandtracks.com\/index.php\/wp-json\/wp\/v2\/comments?post=1358"}],"version-history":[{"count":11,"href":"https:\/\/www.artandtracks.com\/index.php\/wp-json\/wp\/v2\/pages\/1358\/revisions"}],"predecessor-version":[{"id":1642,"href":"https:\/\/www.artandtracks.com\/index.php\/wp-json\/wp\/v2\/pages\/1358\/revisions\/1642"}],"wp:attachment":[{"href":"https:\/\/www.artandtracks.com\/index.php\/wp-json\/wp\/v2\/media?parent=1358"}],"curies":[{"name":"wp","href":"https:\/\/api.w.org\/{rel}","templated":true}]}}