{"id":1280,"date":"2023-09-12T13:07:42","date_gmt":"2023-09-12T11:07:42","guid":{"rendered":"http:\/\/www.artandtracks.com\/?page_id=1280"},"modified":"2023-09-12T13:07:42","modified_gmt":"2023-09-12T11:07:42","slug":"janet-dreamer-moondoo-plains","status":"publish","type":"page","link":"https:\/\/www.artandtracks.com\/index.php\/janet-dreamer-moondoo-plains\/","title":{"rendered":"Janet Dreamer &#8211; &#8220;Moondoo Plains&#8221;"},"content":{"rendered":"\n<figure class=\"wp-block-image size-medium\"><a href=\"http:\/\/www.artandtracks.com\/wp-content\/uploads\/2023\/09\/20230514_094219-scaled.jpg\"><img decoding=\"async\" loading=\"lazy\" width=\"194\" height=\"300\" src=\"http:\/\/www.artandtracks.com\/wp-content\/uploads\/2023\/09\/20230514_094219-194x300.jpg\" alt=\"\" class=\"wp-image-1253\" srcset=\"https:\/\/www.artandtracks.com\/wp-content\/uploads\/2023\/09\/20230514_094219-194x300.jpg 194w, https:\/\/www.artandtracks.com\/wp-content\/uploads\/2023\/09\/20230514_094219-661x1024.jpg 661w, https:\/\/www.artandtracks.com\/wp-content\/uploads\/2023\/09\/20230514_094219-768x1190.jpg 768w, https:\/\/www.artandtracks.com\/wp-content\/uploads\/2023\/09\/20230514_094219-600x930.jpg 600w, https:\/\/www.artandtracks.com\/wp-content\/uploads\/2023\/09\/20230514_094219-991x1536.jpg 991w, https:\/\/www.artandtracks.com\/wp-content\/uploads\/2023\/09\/20230514_094219-1322x2048.jpg 1322w, https:\/\/www.artandtracks.com\/wp-content\/uploads\/2023\/09\/20230514_094219-800x1240.jpg 800w, https:\/\/www.artandtracks.com\/wp-content\/uploads\/2023\/09\/20230514_094219-scaled.jpg 1652w\" sizes=\"(max-width: 194px) 100vw, 194px\" \/><\/a><\/figure>\n\n\n\n<h2 class=\"wp-block-heading\"><strong>Titre de l\u2019\u0153uvre :<\/strong><\/h2>\n\n\n\n<p>Moondoo plains<\/p>\n\n\n\n<h2 class=\"wp-block-heading\"><strong>Artiste :<\/strong><\/h2>\n\n\n\n<p>Janet Dreamer (1959-2022)<\/p>\n\n\n\n<h2 class=\"wp-block-heading\"><strong>Technique :<\/strong><\/h2>\n\n\n\n<p>Acrylique sur toile<\/p>\n\n\n\n<h2 class=\"wp-block-heading\"><strong>Dimension(s) :<\/strong><\/h2>\n\n\n\n<p>70 x 45 cm <\/p>\n\n\n\n<h2 class=\"wp-block-heading\"><strong>Ann\u00e9e et lieu de cr\u00e9ation :<\/strong><\/h2>\n\n\n\n<p>2019 \/ Halls Creek, Yarliyil art centre<\/p>\n","protected":false},"excerpt":{"rendered":"<p>Titre de l\u2019\u0153uvre : Moondoo plains Artiste : Janet Dreamer (1959-2022) Technique : Acrylique sur toile Dimension(s) : 70 x 45 cm Ann\u00e9e et lieu de cr\u00e9ation : 2019 \/ Halls Creek, Yarliyil art centre<\/p>\n","protected":false},"author":1,"featured_media":0,"parent":0,"menu_order":0,"comment_status":"closed","ping_status":"closed","template":"","meta":[],"_links":{"self":[{"href":"https:\/\/www.artandtracks.com\/index.php\/wp-json\/wp\/v2\/pages\/1280"}],"collection":[{"href":"https:\/\/www.artandtracks.com\/index.php\/wp-json\/wp\/v2\/pages"}],"about":[{"href":"https:\/\/www.artandtracks.com\/index.php\/wp-json\/wp\/v2\/types\/page"}],"author":[{"embeddable":true,"href":"https:\/\/www.artandtracks.com\/index.php\/wp-json\/wp\/v2\/users\/1"}],"replies":[{"embeddable":true,"href":"https:\/\/www.artandtracks.com\/index.php\/wp-json\/wp\/v2\/comments?post=1280"}],"version-history":[{"count":1,"href":"https:\/\/www.artandtracks.com\/index.php\/wp-json\/wp\/v2\/pages\/1280\/revisions"}],"predecessor-version":[{"id":1281,"href":"https:\/\/www.artandtracks.com\/index.php\/wp-json\/wp\/v2\/pages\/1280\/revisions\/1281"}],"wp:attachment":[{"href":"https:\/\/www.artandtracks.com\/index.php\/wp-json\/wp\/v2\/media?parent=1280"}],"curies":[{"name":"wp","href":"https:\/\/api.w.org\/{rel}","templated":true}]}}