{"id":1276,"date":"2023-09-12T13:04:20","date_gmt":"2023-09-12T11:04:20","guid":{"rendered":"http:\/\/www.artandtracks.com\/?page_id=1276"},"modified":"2023-09-12T13:04:20","modified_gmt":"2023-09-12T11:04:20","slug":"janet-dreamer-walkabout-2","status":"publish","type":"page","link":"https:\/\/www.artandtracks.com\/index.php\/janet-dreamer-walkabout-2\/","title":{"rendered":"Janet Dreamer &#8211; &#8220;Walkabout&#8221;"},"content":{"rendered":"\n<figure class=\"wp-block-image size-medium\"><a href=\"http:\/\/www.artandtracks.com\/wp-content\/uploads\/2023\/09\/20230514_094213-scaled.jpg\"><img decoding=\"async\" loading=\"lazy\" width=\"193\" height=\"300\" src=\"http:\/\/www.artandtracks.com\/wp-content\/uploads\/2023\/09\/20230514_094213-193x300.jpg\" alt=\"\" class=\"wp-image-1252\" srcset=\"https:\/\/www.artandtracks.com\/wp-content\/uploads\/2023\/09\/20230514_094213-193x300.jpg 193w, https:\/\/www.artandtracks.com\/wp-content\/uploads\/2023\/09\/20230514_094213-658x1024.jpg 658w, https:\/\/www.artandtracks.com\/wp-content\/uploads\/2023\/09\/20230514_094213-768x1194.jpg 768w, https:\/\/www.artandtracks.com\/wp-content\/uploads\/2023\/09\/20230514_094213-600x933.jpg 600w, https:\/\/www.artandtracks.com\/wp-content\/uploads\/2023\/09\/20230514_094213-988x1536.jpg 988w, https:\/\/www.artandtracks.com\/wp-content\/uploads\/2023\/09\/20230514_094213-1317x2048.jpg 1317w, https:\/\/www.artandtracks.com\/wp-content\/uploads\/2023\/09\/20230514_094213-800x1244.jpg 800w, https:\/\/www.artandtracks.com\/wp-content\/uploads\/2023\/09\/20230514_094213-scaled.jpg 1646w\" sizes=\"(max-width: 193px) 100vw, 193px\" \/><\/a><\/figure>\n\n\n\n<h2 class=\"wp-block-heading\"><strong>Titre de l\u2019\u0153uvre :<\/strong><\/h2>\n\n\n\n<p>Walkabout<\/p>\n\n\n\n<h2 class=\"wp-block-heading\"><strong>Artiste :<\/strong><\/h2>\n\n\n\n<p>Janet Dreamer (1959-2022)<\/p>\n\n\n\n<h2 class=\"wp-block-heading\"><strong>Technique :<\/strong><\/h2>\n\n\n\n<p>Acrylique sur toile<\/p>\n\n\n\n<h2 class=\"wp-block-heading\"><strong>Dimension(s) :<\/strong><\/h2>\n\n\n\n<p>70 x 45 cm <\/p>\n\n\n\n<h2 class=\"wp-block-heading\"><strong>Ann\u00e9e et lieu de cr\u00e9ation :<\/strong><\/h2>\n\n\n\n<p>2019 \/ Halls Creek, Yarliyil art centre<\/p>\n","protected":false},"excerpt":{"rendered":"<p>Titre de l\u2019\u0153uvre : Walkabout Artiste : Janet Dreamer (1959-2022) Technique : Acrylique sur toile Dimension(s) : 70 x 45 cm Ann\u00e9e et lieu de cr\u00e9ation : 2019 \/ Halls Creek, Yarliyil art centre<\/p>\n","protected":false},"author":1,"featured_media":0,"parent":0,"menu_order":0,"comment_status":"closed","ping_status":"closed","template":"","meta":[],"_links":{"self":[{"href":"https:\/\/www.artandtracks.com\/index.php\/wp-json\/wp\/v2\/pages\/1276"}],"collection":[{"href":"https:\/\/www.artandtracks.com\/index.php\/wp-json\/wp\/v2\/pages"}],"about":[{"href":"https:\/\/www.artandtracks.com\/index.php\/wp-json\/wp\/v2\/types\/page"}],"author":[{"embeddable":true,"href":"https:\/\/www.artandtracks.com\/index.php\/wp-json\/wp\/v2\/users\/1"}],"replies":[{"embeddable":true,"href":"https:\/\/www.artandtracks.com\/index.php\/wp-json\/wp\/v2\/comments?post=1276"}],"version-history":[{"count":1,"href":"https:\/\/www.artandtracks.com\/index.php\/wp-json\/wp\/v2\/pages\/1276\/revisions"}],"predecessor-version":[{"id":1277,"href":"https:\/\/www.artandtracks.com\/index.php\/wp-json\/wp\/v2\/pages\/1276\/revisions\/1277"}],"wp:attachment":[{"href":"https:\/\/www.artandtracks.com\/index.php\/wp-json\/wp\/v2\/media?parent=1276"}],"curies":[{"name":"wp","href":"https:\/\/api.w.org\/{rel}","templated":true}]}}