{"id":1274,"date":"2023-09-12T13:02:44","date_gmt":"2023-09-12T11:02:44","guid":{"rendered":"http:\/\/www.artandtracks.com\/?page_id=1274"},"modified":"2023-09-12T13:02:44","modified_gmt":"2023-09-12T11:02:44","slug":"janet-dreamer-walkabout","status":"publish","type":"page","link":"https:\/\/www.artandtracks.com\/index.php\/janet-dreamer-walkabout\/","title":{"rendered":"Janet Dreamer &#8211; &#8220;Walkabout&#8221;"},"content":{"rendered":"\n<figure class=\"wp-block-image size-medium\"><a href=\"http:\/\/www.artandtracks.com\/wp-content\/uploads\/2023\/09\/20230514_094231-scaled.jpg\"><img decoding=\"async\" loading=\"lazy\" width=\"178\" height=\"300\" src=\"http:\/\/www.artandtracks.com\/wp-content\/uploads\/2023\/09\/20230514_094231-178x300.jpg\" alt=\"\" class=\"wp-image-1255\" srcset=\"https:\/\/www.artandtracks.com\/wp-content\/uploads\/2023\/09\/20230514_094231-178x300.jpg 178w, https:\/\/www.artandtracks.com\/wp-content\/uploads\/2023\/09\/20230514_094231-608x1024.jpg 608w, https:\/\/www.artandtracks.com\/wp-content\/uploads\/2023\/09\/20230514_094231-768x1294.jpg 768w, https:\/\/www.artandtracks.com\/wp-content\/uploads\/2023\/09\/20230514_094231-600x1011.jpg 600w, https:\/\/www.artandtracks.com\/wp-content\/uploads\/2023\/09\/20230514_094231-912x1536.jpg 912w, https:\/\/www.artandtracks.com\/wp-content\/uploads\/2023\/09\/20230514_094231-1215x2048.jpg 1215w, https:\/\/www.artandtracks.com\/wp-content\/uploads\/2023\/09\/20230514_094231-800x1348.jpg 800w, https:\/\/www.artandtracks.com\/wp-content\/uploads\/2023\/09\/20230514_094231-scaled.jpg 1519w\" sizes=\"(max-width: 178px) 100vw, 178px\" \/><\/a><\/figure>\n\n\n\n<h2 class=\"wp-block-heading\"><strong>Titre de l\u2019\u0153uvre :<\/strong><\/h2>\n\n\n\n<p>Walkabout<\/p>\n\n\n\n<h2 class=\"wp-block-heading\"><strong>Artiste :<\/strong><\/h2>\n\n\n\n<p>Janet Dreamer (1959-2022)<\/p>\n\n\n\n<h2 class=\"wp-block-heading\"><strong>Technique :<\/strong><\/h2>\n\n\n\n<p>Acrylique sur toile<\/p>\n\n\n\n<h2 class=\"wp-block-heading\"><strong>Dimension(s) :<\/strong><\/h2>\n\n\n\n<p>50 x 30 cm <\/p>\n\n\n\n<h2 class=\"wp-block-heading\"><strong>Ann\u00e9e et lieu de cr\u00e9ation :<\/strong><\/h2>\n\n\n\n<p>2018 \/ Halls Creek, Yarliyil art centre<\/p>\n","protected":false},"excerpt":{"rendered":"<p>Titre de l\u2019\u0153uvre : Walkabout Artiste : Janet Dreamer (1959-2022) Technique : Acrylique sur toile Dimension(s) : 50 x 30 cm Ann\u00e9e et lieu de cr\u00e9ation : 2018 \/ Halls Creek, Yarliyil art centre<\/p>\n","protected":false},"author":1,"featured_media":0,"parent":0,"menu_order":0,"comment_status":"closed","ping_status":"closed","template":"","meta":[],"_links":{"self":[{"href":"https:\/\/www.artandtracks.com\/index.php\/wp-json\/wp\/v2\/pages\/1274"}],"collection":[{"href":"https:\/\/www.artandtracks.com\/index.php\/wp-json\/wp\/v2\/pages"}],"about":[{"href":"https:\/\/www.artandtracks.com\/index.php\/wp-json\/wp\/v2\/types\/page"}],"author":[{"embeddable":true,"href":"https:\/\/www.artandtracks.com\/index.php\/wp-json\/wp\/v2\/users\/1"}],"replies":[{"embeddable":true,"href":"https:\/\/www.artandtracks.com\/index.php\/wp-json\/wp\/v2\/comments?post=1274"}],"version-history":[{"count":1,"href":"https:\/\/www.artandtracks.com\/index.php\/wp-json\/wp\/v2\/pages\/1274\/revisions"}],"predecessor-version":[{"id":1275,"href":"https:\/\/www.artandtracks.com\/index.php\/wp-json\/wp\/v2\/pages\/1274\/revisions\/1275"}],"wp:attachment":[{"href":"https:\/\/www.artandtracks.com\/index.php\/wp-json\/wp\/v2\/media?parent=1274"}],"curies":[{"name":"wp","href":"https:\/\/api.w.org\/{rel}","templated":true}]}}