{"id":1272,"date":"2023-09-12T12:58:15","date_gmt":"2023-09-12T10:58:15","guid":{"rendered":"http:\/\/www.artandtracks.com\/?page_id=1272"},"modified":"2023-09-20T03:21:43","modified_gmt":"2023-09-20T01:21:43","slug":"mabel-juli-nyawoorroo","status":"publish","type":"page","link":"https:\/\/www.artandtracks.com\/index.php\/mabel-juli-nyawoorroo\/","title":{"rendered":"Mabel Juli &#8211; &#8220;Nyawoorroo&#8221;"},"content":{"rendered":"\n<figure class=\"wp-block-image size-medium\"><a href=\"http:\/\/www.artandtracks.com\/wp-content\/uploads\/2023\/09\/Maybel.jpg\"><img decoding=\"async\" loading=\"lazy\" width=\"300\" height=\"239\" src=\"http:\/\/www.artandtracks.com\/wp-content\/uploads\/2023\/09\/Maybel-300x239.jpg\" alt=\"\" class=\"wp-image-1261\" srcset=\"https:\/\/www.artandtracks.com\/wp-content\/uploads\/2023\/09\/Maybel-300x239.jpg 300w, https:\/\/www.artandtracks.com\/wp-content\/uploads\/2023\/09\/Maybel-1024x815.jpg 1024w, https:\/\/www.artandtracks.com\/wp-content\/uploads\/2023\/09\/Maybel-768x611.jpg 768w, https:\/\/www.artandtracks.com\/wp-content\/uploads\/2023\/09\/Maybel-600x477.jpg 600w, https:\/\/www.artandtracks.com\/wp-content\/uploads\/2023\/09\/Maybel-1536x1222.jpg 1536w, https:\/\/www.artandtracks.com\/wp-content\/uploads\/2023\/09\/Maybel-800x637.jpg 800w, https:\/\/www.artandtracks.com\/wp-content\/uploads\/2023\/09\/Maybel.jpg 1571w\" sizes=\"(max-width: 300px) 100vw, 300px\" \/><\/a><\/figure>\n\n\n\n<h2 class=\"wp-block-heading\"><strong>Titre de l\u2019\u0153uvre :<\/strong><\/h2>\n\n\n\n<p>Nyawoorroo<\/p>\n\n\n\n<h2 class=\"wp-block-heading\"><strong>Artiste :<\/strong><\/h2>\n\n\n\n<p>Mabel Juli (n\u00e9e en 1932)<\/p>\n\n\n\n<h2 class=\"wp-block-heading\"><strong>Technique :<\/strong><\/h2>\n\n\n\n<p>Ocre sur toile<\/p>\n\n\n\n<h2 class=\"wp-block-heading\"><strong>Dimension(s) :<\/strong><\/h2>\n\n\n\n<p>60 x 80 cm <\/p>\n\n\n\n<h2 class=\"wp-block-heading\"><strong>Ann\u00e9e et lieu de cr\u00e9ation :<\/strong><\/h2>\n\n\n\n<p>2023 \/ Warmun<\/p>\n","protected":false},"excerpt":{"rendered":"<p>Titre de l\u2019\u0153uvre : Nyawoorroo Artiste : Mabel Juli (n\u00e9e en 1932) Technique : Ocre sur toile Dimension(s) : 60 x 80 cm Ann\u00e9e et lieu de cr\u00e9ation : 2023 \/ Warmun<\/p>\n","protected":false},"author":1,"featured_media":0,"parent":0,"menu_order":0,"comment_status":"closed","ping_status":"closed","template":"","meta":[],"_links":{"self":[{"href":"https:\/\/www.artandtracks.com\/index.php\/wp-json\/wp\/v2\/pages\/1272"}],"collection":[{"href":"https:\/\/www.artandtracks.com\/index.php\/wp-json\/wp\/v2\/pages"}],"about":[{"href":"https:\/\/www.artandtracks.com\/index.php\/wp-json\/wp\/v2\/types\/page"}],"author":[{"embeddable":true,"href":"https:\/\/www.artandtracks.com\/index.php\/wp-json\/wp\/v2\/users\/1"}],"replies":[{"embeddable":true,"href":"https:\/\/www.artandtracks.com\/index.php\/wp-json\/wp\/v2\/comments?post=1272"}],"version-history":[{"count":2,"href":"https:\/\/www.artandtracks.com\/index.php\/wp-json\/wp\/v2\/pages\/1272\/revisions"}],"predecessor-version":[{"id":1527,"href":"https:\/\/www.artandtracks.com\/index.php\/wp-json\/wp\/v2\/pages\/1272\/revisions\/1527"}],"wp:attachment":[{"href":"https:\/\/www.artandtracks.com\/index.php\/wp-json\/wp\/v2\/media?parent=1272"}],"curies":[{"name":"wp","href":"https:\/\/api.w.org\/{rel}","templated":true}]}}