{"id":1269,"date":"2023-09-12T12:56:19","date_gmt":"2023-09-12T10:56:19","guid":{"rendered":"http:\/\/www.artandtracks.com\/?page_id=1269"},"modified":"2023-09-20T03:20:36","modified_gmt":"2023-09-20T01:20:36","slug":"yvonne-martin-sans-titre","status":"publish","type":"page","link":"https:\/\/www.artandtracks.com\/index.php\/yvonne-martin-sans-titre\/","title":{"rendered":"Yvonne Martin &#8211; &#8220;[sans titre]&#8221;"},"content":{"rendered":"\n<figure class=\"wp-block-image size-medium\"><a href=\"http:\/\/www.artandtracks.com\/wp-content\/uploads\/2023\/09\/Martin-1.jpg\"><img decoding=\"async\" loading=\"lazy\" width=\"300\" height=\"163\" src=\"http:\/\/www.artandtracks.com\/wp-content\/uploads\/2023\/09\/Martin-1-300x163.jpg\" alt=\"\" class=\"wp-image-1270\" srcset=\"https:\/\/www.artandtracks.com\/wp-content\/uploads\/2023\/09\/Martin-1-300x163.jpg 300w, https:\/\/www.artandtracks.com\/wp-content\/uploads\/2023\/09\/Martin-1-1024x555.jpg 1024w, https:\/\/www.artandtracks.com\/wp-content\/uploads\/2023\/09\/Martin-1-768x416.jpg 768w, https:\/\/www.artandtracks.com\/wp-content\/uploads\/2023\/09\/Martin-1-600x325.jpg 600w, https:\/\/www.artandtracks.com\/wp-content\/uploads\/2023\/09\/Martin-1-800x434.jpg 800w, https:\/\/www.artandtracks.com\/wp-content\/uploads\/2023\/09\/Martin-1.jpg 1358w\" sizes=\"(max-width: 300px) 100vw, 300px\" \/><\/a><\/figure>\n\n\n\n<h2 class=\"wp-block-heading\"><strong>Titre de l\u2019\u0153uvre :<\/strong><\/h2>\n\n\n\n<p>[sans titre]<\/p>\n\n\n\n<h2 class=\"wp-block-heading\"><strong>Artiste :<\/strong><\/h2>\n\n\n\n<p>Yvonne Martin (n\u00e9e en 1961)<\/p>\n\n\n\n<h2 class=\"wp-block-heading\"><strong>Technique :<\/strong><\/h2>\n\n\n\n<p>Ocre sur toile<\/p>\n\n\n\n<h2 class=\"wp-block-heading\"><strong>Dimension(s) :<\/strong><\/h2>\n\n\n\n<p>50 x 90 cm <\/p>\n\n\n\n<h2 class=\"wp-block-heading\"><strong>Ann\u00e9e et lieu de cr\u00e9ation :<\/strong><\/h2>\n\n\n\n<p>2019 \/ Warmun<\/p>\n","protected":false},"excerpt":{"rendered":"<p>Titre de l\u2019\u0153uvre : [sans titre] Artiste : Yvonne Martin (n\u00e9e en 1961) Technique : Ocre sur toile Dimension(s) : 50 x 90 cm Ann\u00e9e et lieu de cr\u00e9ation : 2019 \/ Warmun<\/p>\n","protected":false},"author":1,"featured_media":0,"parent":0,"menu_order":0,"comment_status":"closed","ping_status":"closed","template":"","meta":[],"_links":{"self":[{"href":"https:\/\/www.artandtracks.com\/index.php\/wp-json\/wp\/v2\/pages\/1269"}],"collection":[{"href":"https:\/\/www.artandtracks.com\/index.php\/wp-json\/wp\/v2\/pages"}],"about":[{"href":"https:\/\/www.artandtracks.com\/index.php\/wp-json\/wp\/v2\/types\/page"}],"author":[{"embeddable":true,"href":"https:\/\/www.artandtracks.com\/index.php\/wp-json\/wp\/v2\/users\/1"}],"replies":[{"embeddable":true,"href":"https:\/\/www.artandtracks.com\/index.php\/wp-json\/wp\/v2\/comments?post=1269"}],"version-history":[{"count":2,"href":"https:\/\/www.artandtracks.com\/index.php\/wp-json\/wp\/v2\/pages\/1269\/revisions"}],"predecessor-version":[{"id":1523,"href":"https:\/\/www.artandtracks.com\/index.php\/wp-json\/wp\/v2\/pages\/1269\/revisions\/1523"}],"wp:attachment":[{"href":"https:\/\/www.artandtracks.com\/index.php\/wp-json\/wp\/v2\/media?parent=1269"}],"curies":[{"name":"wp","href":"https:\/\/api.w.org\/{rel}","templated":true}]}}