{"id":1266,"date":"2023-09-12T12:52:38","date_gmt":"2023-09-12T10:52:38","guid":{"rendered":"http:\/\/www.artandtracks.com\/?page_id=1266"},"modified":"2023-09-20T03:21:33","modified_gmt":"2023-09-20T01:21:33","slug":"gordon-barney-birnoo-country","status":"publish","type":"page","link":"https:\/\/www.artandtracks.com\/index.php\/gordon-barney-birnoo-country\/","title":{"rendered":"Gordon Barney &#8211; &#8220;Birnoo Country&#8221;"},"content":{"rendered":"\n<figure class=\"wp-block-image size-medium\"><a href=\"http:\/\/www.artandtracks.com\/wp-content\/uploads\/2023\/09\/Gordon.jpg\"><img decoding=\"async\" loading=\"lazy\" width=\"300\" height=\"227\" src=\"http:\/\/www.artandtracks.com\/wp-content\/uploads\/2023\/09\/Gordon-300x227.jpg\" alt=\"\" class=\"wp-image-1259\" srcset=\"https:\/\/www.artandtracks.com\/wp-content\/uploads\/2023\/09\/Gordon-300x227.jpg 300w, https:\/\/www.artandtracks.com\/wp-content\/uploads\/2023\/09\/Gordon-768x581.jpg 768w, https:\/\/www.artandtracks.com\/wp-content\/uploads\/2023\/09\/Gordon-600x454.jpg 600w, https:\/\/www.artandtracks.com\/wp-content\/uploads\/2023\/09\/Gordon-800x605.jpg 800w, https:\/\/www.artandtracks.com\/wp-content\/uploads\/2023\/09\/Gordon.jpg 890w\" sizes=\"(max-width: 300px) 100vw, 300px\" \/><\/a><\/figure>\n\n\n\n<h2 class=\"wp-block-heading\"><strong>Titre de l\u2019\u0153uvre :<\/strong><\/h2>\n\n\n\n<p>Birnoo Country<\/p>\n\n\n\n<h2 class=\"wp-block-heading\"><strong>Artiste :<\/strong><\/h2>\n\n\n\n<p>Gordon Barney (n\u00e9 en 1945)<\/p>\n\n\n\n<h2 class=\"wp-block-heading\"><strong>Technique :<\/strong><\/h2>\n\n\n\n<p>Ocre sur toile<\/p>\n\n\n\n<h2 class=\"wp-block-heading\"><strong>Dimension(s) :<\/strong><\/h2>\n\n\n\n<p>60 x 80 cm <\/p>\n\n\n\n<h2 class=\"wp-block-heading\"><strong>Ann\u00e9e et lieu de cr\u00e9ation :<\/strong><\/h2>\n\n\n\n<p>2015 \/ Warmun<\/p>\n","protected":false},"excerpt":{"rendered":"<p>Titre de l\u2019\u0153uvre : Birnoo Country Artiste : Gordon Barney (n\u00e9 en 1945) Technique : Ocre sur toile Dimension(s) : 60 x 80 cm Ann\u00e9e et lieu de cr\u00e9ation : 2015 \/ Warmun<\/p>\n","protected":false},"author":1,"featured_media":0,"parent":0,"menu_order":0,"comment_status":"closed","ping_status":"closed","template":"","meta":[],"_links":{"self":[{"href":"https:\/\/www.artandtracks.com\/index.php\/wp-json\/wp\/v2\/pages\/1266"}],"collection":[{"href":"https:\/\/www.artandtracks.com\/index.php\/wp-json\/wp\/v2\/pages"}],"about":[{"href":"https:\/\/www.artandtracks.com\/index.php\/wp-json\/wp\/v2\/types\/page"}],"author":[{"embeddable":true,"href":"https:\/\/www.artandtracks.com\/index.php\/wp-json\/wp\/v2\/users\/1"}],"replies":[{"embeddable":true,"href":"https:\/\/www.artandtracks.com\/index.php\/wp-json\/wp\/v2\/comments?post=1266"}],"version-history":[{"count":2,"href":"https:\/\/www.artandtracks.com\/index.php\/wp-json\/wp\/v2\/pages\/1266\/revisions"}],"predecessor-version":[{"id":1526,"href":"https:\/\/www.artandtracks.com\/index.php\/wp-json\/wp\/v2\/pages\/1266\/revisions\/1526"}],"wp:attachment":[{"href":"https:\/\/www.artandtracks.com\/index.php\/wp-json\/wp\/v2\/media?parent=1266"}],"curies":[{"name":"wp","href":"https:\/\/api.w.org\/{rel}","templated":true}]}}