{"id":1264,"date":"2023-09-12T12:48:12","date_gmt":"2023-09-12T10:48:12","guid":{"rendered":"http:\/\/www.artandtracks.com\/?page_id=1264"},"modified":"2023-09-20T03:21:10","modified_gmt":"2023-09-20T01:21:10","slug":"churchill-cann-moorliji","status":"publish","type":"page","link":"https:\/\/www.artandtracks.com\/index.php\/churchill-cann-moorliji\/","title":{"rendered":"Churchill Cann &#8211; &#8220;Moorliji&#8221;"},"content":{"rendered":"\n<figure class=\"wp-block-image size-medium\"><a href=\"http:\/\/www.artandtracks.com\/wp-content\/uploads\/2023\/09\/Churchill-Cann-e1694515586698.jpg\"><img decoding=\"async\" loading=\"lazy\" width=\"300\" height=\"225\" src=\"http:\/\/www.artandtracks.com\/wp-content\/uploads\/2023\/09\/Churchill-Cann-e1694515586698-300x225.jpg\" alt=\"\" class=\"wp-image-1258\" srcset=\"https:\/\/www.artandtracks.com\/wp-content\/uploads\/2023\/09\/Churchill-Cann-e1694515586698-300x225.jpg 300w, https:\/\/www.artandtracks.com\/wp-content\/uploads\/2023\/09\/Churchill-Cann-e1694515586698-1024x767.jpg 1024w, https:\/\/www.artandtracks.com\/wp-content\/uploads\/2023\/09\/Churchill-Cann-e1694515586698-768x575.jpg 768w, https:\/\/www.artandtracks.com\/wp-content\/uploads\/2023\/09\/Churchill-Cann-e1694515586698-600x449.jpg 600w, https:\/\/www.artandtracks.com\/wp-content\/uploads\/2023\/09\/Churchill-Cann-e1694515586698-1536x1151.jpg 1536w, https:\/\/www.artandtracks.com\/wp-content\/uploads\/2023\/09\/Churchill-Cann-e1694515586698-2048x1534.jpg 2048w, https:\/\/www.artandtracks.com\/wp-content\/uploads\/2023\/09\/Churchill-Cann-e1694515586698-800x599.jpg 800w, https:\/\/www.artandtracks.com\/wp-content\/uploads\/2023\/09\/Churchill-Cann-e1694515586698-400x300.jpg 400w\" sizes=\"(max-width: 300px) 100vw, 300px\" \/><\/a><\/figure>\n\n\n\n<h2 class=\"wp-block-heading\"><strong>Titre de l\u2019\u0153uvre :<\/strong><\/h2>\n\n\n\n<p>Moorliji<\/p>\n\n\n\n<h2 class=\"wp-block-heading\"><strong>Artiste :<\/strong><\/h2>\n\n\n\n<p>Churchill Cann (1944-2016)<\/p>\n\n\n\n<h2 class=\"wp-block-heading\"><strong>Technique :<\/strong><\/h2>\n\n\n\n<p>Ocre sur toile<\/p>\n\n\n\n<h2 class=\"wp-block-heading\"><strong>Dimension(s) :<\/strong><\/h2>\n\n\n\n<p>90 x 120 cm<\/p>\n\n\n\n<h2 class=\"wp-block-heading\"><strong>Ann\u00e9e et lieu de cr\u00e9ation :<\/strong><\/h2>\n\n\n\n<p>2015 \/ Warmun<\/p>\n","protected":false},"excerpt":{"rendered":"<p>Titre de l\u2019\u0153uvre : Moorliji Artiste : Churchill Cann (1944-2016) Technique : Ocre sur toile Dimension(s) : 90 x 120 cm Ann\u00e9e et lieu de cr\u00e9ation : 2015 \/ Warmun<\/p>\n","protected":false},"author":1,"featured_media":0,"parent":0,"menu_order":0,"comment_status":"closed","ping_status":"closed","template":"","meta":[],"_links":{"self":[{"href":"https:\/\/www.artandtracks.com\/index.php\/wp-json\/wp\/v2\/pages\/1264"}],"collection":[{"href":"https:\/\/www.artandtracks.com\/index.php\/wp-json\/wp\/v2\/pages"}],"about":[{"href":"https:\/\/www.artandtracks.com\/index.php\/wp-json\/wp\/v2\/types\/page"}],"author":[{"embeddable":true,"href":"https:\/\/www.artandtracks.com\/index.php\/wp-json\/wp\/v2\/users\/1"}],"replies":[{"embeddable":true,"href":"https:\/\/www.artandtracks.com\/index.php\/wp-json\/wp\/v2\/comments?post=1264"}],"version-history":[{"count":2,"href":"https:\/\/www.artandtracks.com\/index.php\/wp-json\/wp\/v2\/pages\/1264\/revisions"}],"predecessor-version":[{"id":1524,"href":"https:\/\/www.artandtracks.com\/index.php\/wp-json\/wp\/v2\/pages\/1264\/revisions\/1524"}],"wp:attachment":[{"href":"https:\/\/www.artandtracks.com\/index.php\/wp-json\/wp\/v2\/media?parent=1264"}],"curies":[{"name":"wp","href":"https:\/\/api.w.org\/{rel}","templated":true}]}}