{"id":1247,"date":"2023-09-12T11:20:52","date_gmt":"2023-09-12T09:20:52","guid":{"rendered":"http:\/\/www.artandtracks.com\/?page_id=1247"},"modified":"2023-09-12T11:20:52","modified_gmt":"2023-09-12T09:20:52","slug":"alice-dixon-tjilkamala","status":"publish","type":"page","link":"https:\/\/www.artandtracks.com\/index.php\/alice-dixon-tjilkamala\/","title":{"rendered":"Alice Dixon &#8211; &#8220;Tjilkamala&#8221;"},"content":{"rendered":"\n<figure class=\"wp-block-image size-medium\"><a href=\"http:\/\/www.artandtracks.com\/wp-content\/uploads\/2023\/09\/82244641-78169945.jpg\"><img decoding=\"async\" loading=\"lazy\" width=\"300\" height=\"160\" src=\"http:\/\/www.artandtracks.com\/wp-content\/uploads\/2023\/09\/82244641-78169945-300x160.jpg\" alt=\"\" class=\"wp-image-1248\" srcset=\"https:\/\/www.artandtracks.com\/wp-content\/uploads\/2023\/09\/82244641-78169945-300x160.jpg 300w, https:\/\/www.artandtracks.com\/wp-content\/uploads\/2023\/09\/82244641-78169945-1024x546.jpg 1024w, https:\/\/www.artandtracks.com\/wp-content\/uploads\/2023\/09\/82244641-78169945-768x410.jpg 768w, https:\/\/www.artandtracks.com\/wp-content\/uploads\/2023\/09\/82244641-78169945-600x320.jpg 600w, https:\/\/www.artandtracks.com\/wp-content\/uploads\/2023\/09\/82244641-78169945-800x427.jpg 800w, https:\/\/www.artandtracks.com\/wp-content\/uploads\/2023\/09\/82244641-78169945.jpg 1200w\" sizes=\"(max-width: 300px) 100vw, 300px\" \/><\/a><\/figure>\n\n\n\n<h2 class=\"wp-block-heading\"><strong>Titre de l\u2019\u0153uvre :<\/strong><\/h2>\n\n\n\n<p>Tjilkamala &#8211; Porcupine rockhole<\/p>\n\n\n\n<h2 class=\"wp-block-heading\"><strong>Artiste :<\/strong><\/h2>\n\n\n\n<p>Alice Nampitjinpa Dixon (1943-2020)<\/p>\n\n\n\n<h2 class=\"wp-block-heading\"><strong>Technique :<\/strong><\/h2>\n\n\n\n<p>Taille douce sur zinc sur papier blanc au timbre sec de Basil Hall Editions<\/p>\n\n\n\n<p>Sign\u00e9e au crayon en partie inf\u00e9rieure droite &#8220;(Kelly Dixon) for Alice Nampitjinpa Dixon&#8221; et num\u00e9rot\u00e9e 2\/30 au crayon en partie inf\u00e9rieure gauche. <\/p>\n\n\n\n<h2 class=\"wp-block-heading\"><strong>Dimension(s) :<\/strong><\/h2>\n\n\n\n<p>78 x 107 cm <em>papier<\/em> ; 50 x 100 cm <em>image<\/em> <em>(coup de planche)<\/em><\/p>\n\n\n\n<h2 class=\"wp-block-heading\"><strong>Ann\u00e9e et lieu de cr\u00e9ation :<\/strong><\/h2>\n\n\n\n<p>2022 (\u00e9dition posthume) \/ communaut\u00e9 de Haasts Bluff, Ikuntji Artists<\/p>\n","protected":false},"excerpt":{"rendered":"<p>Titre de l\u2019\u0153uvre : Tjilkamala &#8211; Porcupine rockhole Artiste : Alice Nampitjinpa Dixon (1943-2020) Technique : Taille douce sur zinc sur papier blanc au timbre sec de Basil Hall Editions Sign\u00e9e au crayon en partie inf\u00e9rieure droite &#8220;(Kelly Dixon) for Alice Nampitjinpa Dixon&#8221; et num\u00e9rot\u00e9e 2\/30 au crayon en partie inf\u00e9rieure gauche. Dimension(s) : 78 x 107 cm papier ;&hellip;<\/p>\n","protected":false},"author":1,"featured_media":0,"parent":0,"menu_order":0,"comment_status":"closed","ping_status":"closed","template":"","meta":[],"_links":{"self":[{"href":"https:\/\/www.artandtracks.com\/index.php\/wp-json\/wp\/v2\/pages\/1247"}],"collection":[{"href":"https:\/\/www.artandtracks.com\/index.php\/wp-json\/wp\/v2\/pages"}],"about":[{"href":"https:\/\/www.artandtracks.com\/index.php\/wp-json\/wp\/v2\/types\/page"}],"author":[{"embeddable":true,"href":"https:\/\/www.artandtracks.com\/index.php\/wp-json\/wp\/v2\/users\/1"}],"replies":[{"embeddable":true,"href":"https:\/\/www.artandtracks.com\/index.php\/wp-json\/wp\/v2\/comments?post=1247"}],"version-history":[{"count":1,"href":"https:\/\/www.artandtracks.com\/index.php\/wp-json\/wp\/v2\/pages\/1247\/revisions"}],"predecessor-version":[{"id":1249,"href":"https:\/\/www.artandtracks.com\/index.php\/wp-json\/wp\/v2\/pages\/1247\/revisions\/1249"}],"wp:attachment":[{"href":"https:\/\/www.artandtracks.com\/index.php\/wp-json\/wp\/v2\/media?parent=1247"}],"curies":[{"name":"wp","href":"https:\/\/api.w.org\/{rel}","templated":true}]}}