{"id":1243,"date":"2023-09-12T11:04:34","date_gmt":"2023-09-12T09:04:34","guid":{"rendered":"http:\/\/www.artandtracks.com\/?page_id=1243"},"modified":"2023-09-12T11:04:34","modified_gmt":"2023-09-12T09:04:34","slug":"christine-multa-napurrulalu-atuni-watiya-kuturruku","status":"publish","type":"page","link":"https:\/\/www.artandtracks.com\/index.php\/christine-multa-napurrulalu-atuni-watiya-kuturruku\/","title":{"rendered":"Christine Multa \u2013 &#8220;Napurrulalu atuni watiya kuturruku&#8221;"},"content":{"rendered":"\n<figure class=\"wp-block-image size-medium\"><a href=\"http:\/\/www.artandtracks.com\/wp-content\/uploads\/2023\/09\/20220925_151144-1-scaled.jpg\"><img decoding=\"async\" loading=\"lazy\" width=\"300\" height=\"225\" src=\"http:\/\/www.artandtracks.com\/wp-content\/uploads\/2023\/09\/20220925_151144-1-300x225.jpg\" alt=\"\" class=\"wp-image-1195\" srcset=\"https:\/\/www.artandtracks.com\/wp-content\/uploads\/2023\/09\/20220925_151144-1-300x225.jpg 300w, https:\/\/www.artandtracks.com\/wp-content\/uploads\/2023\/09\/20220925_151144-1-1024x766.jpg 1024w, https:\/\/www.artandtracks.com\/wp-content\/uploads\/2023\/09\/20220925_151144-1-768x575.jpg 768w, https:\/\/www.artandtracks.com\/wp-content\/uploads\/2023\/09\/20220925_151144-1-600x449.jpg 600w, https:\/\/www.artandtracks.com\/wp-content\/uploads\/2023\/09\/20220925_151144-1-1536x1150.jpg 1536w, https:\/\/www.artandtracks.com\/wp-content\/uploads\/2023\/09\/20220925_151144-1-2048x1533.jpg 2048w, https:\/\/www.artandtracks.com\/wp-content\/uploads\/2023\/09\/20220925_151144-1-800x599.jpg 800w, https:\/\/www.artandtracks.com\/wp-content\/uploads\/2023\/09\/20220925_151144-1-400x300.jpg 400w\" sizes=\"(max-width: 300px) 100vw, 300px\" \/><\/a><\/figure>\n\n\n\n<h2 class=\"wp-block-heading\"><strong>Titre d<\/strong><strong>e l\u2019\u0153uvre :<\/strong><\/h2>\n\n\n\n<p>Napurrulalu atuni watiya kuturruku \/ Alison is cutting the tree to make a nulla-nulla<\/p>\n\n\n\n<h2 class=\"wp-block-heading\"><strong>Artiste :<\/strong><\/h2>\n\n\n\n<p>Christine Multa (n\u00e9e en 1978)<\/p>\n\n\n\n<h2 class=\"wp-block-heading\"><strong>Technique :<\/strong><\/h2>\n\n\n\n<p>S\u00e9rigraphie sur papier blanc au timbre sec de Cicada Press<\/p>\n\n\n\n<p>Sign\u00e9e et dat\u00e9e au crayon en partie inf\u00e9rieure droite et num\u00e9rot\u00e9e 7\/20 au crayon en partie inf\u00e9rieure gauche. Titre inscrit au crayon en partie centrale<\/p>\n\n\n\n<h2 class=\"wp-block-heading\"><strong>Dimension(s) :<\/strong><\/h2>\n\n\n\n<p>52 x 76,5 cm <em>image<\/em> (tirage sans marges lat\u00e9rales)<\/p>\n\n\n\n<h2 class=\"wp-block-heading\"><strong>Ann\u00e9e et lieu de cr\u00e9ation :<\/strong><\/h2>\n\n\n\n<p>2015 \/ communaut\u00e9 de Haasts Bluff, Ikuntji Artists<\/p>\n","protected":false},"excerpt":{"rendered":"<p>Titre de l\u2019\u0153uvre : Napurrulalu atuni watiya kuturruku \/ Alison is cutting the tree to make a nulla-nulla Artiste : Christine Multa (n\u00e9e en 1978) Technique : S\u00e9rigraphie sur papier blanc au timbre sec de Cicada Press Sign\u00e9e et dat\u00e9e au crayon en partie inf\u00e9rieure droite et num\u00e9rot\u00e9e 7\/20 au crayon en partie inf\u00e9rieure gauche. Titre inscrit au crayon en&hellip;<\/p>\n","protected":false},"author":1,"featured_media":0,"parent":0,"menu_order":0,"comment_status":"closed","ping_status":"closed","template":"","meta":[],"_links":{"self":[{"href":"https:\/\/www.artandtracks.com\/index.php\/wp-json\/wp\/v2\/pages\/1243"}],"collection":[{"href":"https:\/\/www.artandtracks.com\/index.php\/wp-json\/wp\/v2\/pages"}],"about":[{"href":"https:\/\/www.artandtracks.com\/index.php\/wp-json\/wp\/v2\/types\/page"}],"author":[{"embeddable":true,"href":"https:\/\/www.artandtracks.com\/index.php\/wp-json\/wp\/v2\/users\/1"}],"replies":[{"embeddable":true,"href":"https:\/\/www.artandtracks.com\/index.php\/wp-json\/wp\/v2\/comments?post=1243"}],"version-history":[{"count":1,"href":"https:\/\/www.artandtracks.com\/index.php\/wp-json\/wp\/v2\/pages\/1243\/revisions"}],"predecessor-version":[{"id":1244,"href":"https:\/\/www.artandtracks.com\/index.php\/wp-json\/wp\/v2\/pages\/1243\/revisions\/1244"}],"wp:attachment":[{"href":"https:\/\/www.artandtracks.com\/index.php\/wp-json\/wp\/v2\/media?parent=1243"}],"curies":[{"name":"wp","href":"https:\/\/api.w.org\/{rel}","templated":true}]}}