{"id":1239,"date":"2023-09-12T09:33:40","date_gmt":"2023-09-12T07:33:40","guid":{"rendered":"http:\/\/www.artandtracks.com\/?page_id=1239"},"modified":"2023-09-19T10:59:39","modified_gmt":"2023-09-19T08:59:39","slug":"rupert-jack","status":"publish","type":"page","link":"https:\/\/www.artandtracks.com\/index.php\/rupert-jack\/","title":{"rendered":"Rupert Jack &#8211; &#8220;Maku maku&#8221;"},"content":{"rendered":"\n<figure class=\"wp-block-image size-medium\"><a href=\"http:\/\/www.artandtracks.com\/wp-content\/uploads\/2023\/09\/20220910_131441-1-scaled-e1694503961891.jpg\"><img decoding=\"async\" src=\"http:\/\/www.artandtracks.com\/wp-content\/uploads\/2023\/09\/20220910_131441-1-206x300.jpg\" alt=\"\" class=\"wp-image-1191\"\/><\/a><\/figure>\n\n\n\n<h2 class=\"wp-block-heading\"><strong>Titre de l\u2019\u0153uvre :<\/strong><\/h2>\n\n\n\n<p>Maku maku<\/p>\n\n\n\n<h2 class=\"wp-block-heading\"><strong>Artiste :<\/strong><\/h2>\n\n\n\n<p>Rupert Jack (n\u00e9 en 1951)<\/p>\n\n\n\n<h2 class=\"wp-block-heading\"><strong>Technique :<\/strong><\/h2>\n\n\n\n<p>Acrylique sur toile<\/p>\n\n\n\n<h2 class=\"wp-block-heading\"><strong>Dimension(s) :<\/strong><\/h2>\n\n\n\n<p>90 x 60 cm<\/p>\n\n\n\n<h2 class=\"wp-block-heading\"><strong>Ann\u00e9e et lieu de cr\u00e9ation :<\/strong><\/h2>\n\n\n\n<p>2021 \/ communaut\u00e9 de Pukatja, Ernabella arts<\/p>\n","protected":false},"excerpt":{"rendered":"<p>Titre de l\u2019\u0153uvre : Maku maku Artiste : Rupert Jack (n\u00e9 en 1951) Technique : Acrylique sur toile Dimension(s) : 90 x 60 cm Ann\u00e9e et lieu de cr\u00e9ation : 2021 \/ communaut\u00e9 de Pukatja, Ernabella arts<\/p>\n","protected":false},"author":1,"featured_media":0,"parent":0,"menu_order":0,"comment_status":"closed","ping_status":"closed","template":"","meta":[],"_links":{"self":[{"href":"https:\/\/www.artandtracks.com\/index.php\/wp-json\/wp\/v2\/pages\/1239"}],"collection":[{"href":"https:\/\/www.artandtracks.com\/index.php\/wp-json\/wp\/v2\/pages"}],"about":[{"href":"https:\/\/www.artandtracks.com\/index.php\/wp-json\/wp\/v2\/types\/page"}],"author":[{"embeddable":true,"href":"https:\/\/www.artandtracks.com\/index.php\/wp-json\/wp\/v2\/users\/1"}],"replies":[{"embeddable":true,"href":"https:\/\/www.artandtracks.com\/index.php\/wp-json\/wp\/v2\/comments?post=1239"}],"version-history":[{"count":3,"href":"https:\/\/www.artandtracks.com\/index.php\/wp-json\/wp\/v2\/pages\/1239\/revisions"}],"predecessor-version":[{"id":1484,"href":"https:\/\/www.artandtracks.com\/index.php\/wp-json\/wp\/v2\/pages\/1239\/revisions\/1484"}],"wp:attachment":[{"href":"https:\/\/www.artandtracks.com\/index.php\/wp-json\/wp\/v2\/media?parent=1239"}],"curies":[{"name":"wp","href":"https:\/\/api.w.org\/{rel}","templated":true}]}}