{"id":1237,"date":"2023-09-12T09:29:57","date_gmt":"2023-09-12T07:29:57","guid":{"rendered":"http:\/\/www.artandtracks.com\/?page_id=1237"},"modified":"2023-09-12T09:29:57","modified_gmt":"2023-09-12T07:29:57","slug":"rupert-jack-maku-maku","status":"publish","type":"page","link":"https:\/\/www.artandtracks.com\/index.php\/rupert-jack-maku-maku\/","title":{"rendered":"Rupert Jack &#8211; &#8220;Maku maku&#8221;"},"content":{"rendered":"\n<figure class=\"wp-block-image size-medium\"><a href=\"http:\/\/www.artandtracks.com\/wp-content\/uploads\/2023\/09\/20220910_131430-1.jpg\"><img decoding=\"async\" loading=\"lazy\" width=\"300\" height=\"290\" src=\"http:\/\/www.artandtracks.com\/wp-content\/uploads\/2023\/09\/20220910_131430-1-300x290.jpg\" alt=\"\" class=\"wp-image-1190\" srcset=\"https:\/\/www.artandtracks.com\/wp-content\/uploads\/2023\/09\/20220910_131430-1-300x290.jpg 300w, https:\/\/www.artandtracks.com\/wp-content\/uploads\/2023\/09\/20220910_131430-1-1024x988.jpg 1024w, https:\/\/www.artandtracks.com\/wp-content\/uploads\/2023\/09\/20220910_131430-1-768x741.jpg 768w, https:\/\/www.artandtracks.com\/wp-content\/uploads\/2023\/09\/20220910_131430-1-600x579.jpg 600w, https:\/\/www.artandtracks.com\/wp-content\/uploads\/2023\/09\/20220910_131430-1-1536x1483.jpg 1536w, https:\/\/www.artandtracks.com\/wp-content\/uploads\/2023\/09\/20220910_131430-1-2048x1977.jpg 2048w, https:\/\/www.artandtracks.com\/wp-content\/uploads\/2023\/09\/20220910_131430-1-800x772.jpg 800w\" sizes=\"(max-width: 300px) 100vw, 300px\" \/><\/a><\/figure>\n\n\n\n<h2 class=\"wp-block-heading\"><strong>Titre d<\/strong><strong>e l\u2019\u0153uvre :<\/strong><\/h2>\n\n\n\n<p>Maku maku<\/p>\n\n\n\n<h2 class=\"wp-block-heading\"><strong>Artiste :<\/strong><\/h2>\n\n\n\n<p>Rupert Jack (n\u00e9 en 1951)<\/p>\n\n\n\n<h2 class=\"wp-block-heading\"><strong>Technique :<\/strong><\/h2>\n\n\n\n<p>Acrylique sur toile<\/p>\n\n\n\n<h2 class=\"wp-block-heading\"><strong>Dimension(s) :<\/strong><\/h2>\n\n\n\n<p>77 x 97 cm<\/p>\n\n\n\n<h2 class=\"wp-block-heading\"><strong>Ann\u00e9e et lieu de cr\u00e9ation :<\/strong><\/h2>\n\n\n\n<p>2021 \/ communaut\u00e9 de Pukatja, Ernabella arts<\/p>\n","protected":false},"excerpt":{"rendered":"<p>Titre de l\u2019\u0153uvre : Maku maku Artiste : Rupert Jack (n\u00e9 en 1951) Technique : Acrylique sur toile Dimension(s) : 77 x 97 cm Ann\u00e9e et lieu de cr\u00e9ation : 2021 \/ communaut\u00e9 de Pukatja, Ernabella arts<\/p>\n","protected":false},"author":1,"featured_media":0,"parent":0,"menu_order":0,"comment_status":"closed","ping_status":"closed","template":"","meta":[],"_links":{"self":[{"href":"https:\/\/www.artandtracks.com\/index.php\/wp-json\/wp\/v2\/pages\/1237"}],"collection":[{"href":"https:\/\/www.artandtracks.com\/index.php\/wp-json\/wp\/v2\/pages"}],"about":[{"href":"https:\/\/www.artandtracks.com\/index.php\/wp-json\/wp\/v2\/types\/page"}],"author":[{"embeddable":true,"href":"https:\/\/www.artandtracks.com\/index.php\/wp-json\/wp\/v2\/users\/1"}],"replies":[{"embeddable":true,"href":"https:\/\/www.artandtracks.com\/index.php\/wp-json\/wp\/v2\/comments?post=1237"}],"version-history":[{"count":1,"href":"https:\/\/www.artandtracks.com\/index.php\/wp-json\/wp\/v2\/pages\/1237\/revisions"}],"predecessor-version":[{"id":1238,"href":"https:\/\/www.artandtracks.com\/index.php\/wp-json\/wp\/v2\/pages\/1237\/revisions\/1238"}],"wp:attachment":[{"href":"https:\/\/www.artandtracks.com\/index.php\/wp-json\/wp\/v2\/media?parent=1237"}],"curies":[{"name":"wp","href":"https:\/\/api.w.org\/{rel}","templated":true}]}}