{"id":1229,"date":"2023-09-12T09:07:16","date_gmt":"2023-09-12T07:07:16","guid":{"rendered":"http:\/\/www.artandtracks.com\/?page_id=1229"},"modified":"2023-09-12T09:07:16","modified_gmt":"2023-09-12T07:07:16","slug":"charlene-carrington-darrarroo","status":"publish","type":"page","link":"https:\/\/www.artandtracks.com\/index.php\/charlene-carrington-darrarroo\/","title":{"rendered":"Charlene Carrington &#8211; &#8220;Darrarroo&#8221;"},"content":{"rendered":"\n<figure class=\"wp-block-image size-medium\"><a href=\"http:\/\/www.artandtracks.com\/wp-content\/uploads\/2023\/09\/Carrington-1-scaled.jpg\"><img decoding=\"async\" loading=\"lazy\" width=\"294\" height=\"300\" src=\"http:\/\/www.artandtracks.com\/wp-content\/uploads\/2023\/09\/Carrington-1-294x300.jpg\" alt=\"\" class=\"wp-image-1201\" srcset=\"https:\/\/www.artandtracks.com\/wp-content\/uploads\/2023\/09\/Carrington-1-294x300.jpg 294w, https:\/\/www.artandtracks.com\/wp-content\/uploads\/2023\/09\/Carrington-1-1003x1024.jpg 1003w, https:\/\/www.artandtracks.com\/wp-content\/uploads\/2023\/09\/Carrington-1-768x784.jpg 768w, https:\/\/www.artandtracks.com\/wp-content\/uploads\/2023\/09\/Carrington-1-600x613.jpg 600w, https:\/\/www.artandtracks.com\/wp-content\/uploads\/2023\/09\/Carrington-1-1504x1536.jpg 1504w, https:\/\/www.artandtracks.com\/wp-content\/uploads\/2023\/09\/Carrington-1-2006x2048.jpg 2006w, https:\/\/www.artandtracks.com\/wp-content\/uploads\/2023\/09\/Carrington-1-800x817.jpg 800w\" sizes=\"(max-width: 294px) 100vw, 294px\" \/><\/a><\/figure>\n\n\n\n<h2 class=\"wp-block-heading\"><strong>Titre de l\u2019\u0153uvre :<\/strong><\/h2>\n\n\n\n<p>Darrarroo<\/p>\n\n\n\n<h2 class=\"wp-block-heading\"><strong>Artiste :<\/strong><\/h2>\n\n\n\n<p>Charlene Carrington (n\u00e9e en 1977)<\/p>\n\n\n\n<h2 class=\"wp-block-heading\"><strong>Technique :<\/strong><\/h2>\n\n\n\n<p>Taille douce sur zinc sur papier blanc au timbre sec de Basil Hall Editions<\/p>\n\n\n\n<p>Sign\u00e9e au crayon en partie inf\u00e9rieure droite et num\u00e9rot\u00e9e 30\/50 au crayon en partie centrale<\/p>\n\n\n\n<h2 class=\"wp-block-heading\"><strong>Dimension(s) :<\/strong><\/h2>\n\n\n\n<p>140 x 50 cm <em>papier<\/em><\/p>\n\n\n\n<h2 class=\"wp-block-heading\"><strong>Ann\u00e9e et lieu de cr\u00e9ation :<\/strong><\/h2>\n\n\n\n<p>2017 \/ Warmun<\/p>\n","protected":false},"excerpt":{"rendered":"<p>Titre de l\u2019\u0153uvre : Darrarroo Artiste : Charlene Carrington (n\u00e9e en 1977) Technique : Taille douce sur zinc sur papier blanc au timbre sec de Basil Hall Editions Sign\u00e9e au crayon en partie inf\u00e9rieure droite et num\u00e9rot\u00e9e 30\/50 au crayon en partie centrale Dimension(s) : 140 x 50 cm papier Ann\u00e9e et lieu de cr\u00e9ation : 2017 \/ Warmun<\/p>\n","protected":false},"author":1,"featured_media":0,"parent":0,"menu_order":0,"comment_status":"closed","ping_status":"closed","template":"","meta":[],"_links":{"self":[{"href":"https:\/\/www.artandtracks.com\/index.php\/wp-json\/wp\/v2\/pages\/1229"}],"collection":[{"href":"https:\/\/www.artandtracks.com\/index.php\/wp-json\/wp\/v2\/pages"}],"about":[{"href":"https:\/\/www.artandtracks.com\/index.php\/wp-json\/wp\/v2\/types\/page"}],"author":[{"embeddable":true,"href":"https:\/\/www.artandtracks.com\/index.php\/wp-json\/wp\/v2\/users\/1"}],"replies":[{"embeddable":true,"href":"https:\/\/www.artandtracks.com\/index.php\/wp-json\/wp\/v2\/comments?post=1229"}],"version-history":[{"count":1,"href":"https:\/\/www.artandtracks.com\/index.php\/wp-json\/wp\/v2\/pages\/1229\/revisions"}],"predecessor-version":[{"id":1230,"href":"https:\/\/www.artandtracks.com\/index.php\/wp-json\/wp\/v2\/pages\/1229\/revisions\/1230"}],"wp:attachment":[{"href":"https:\/\/www.artandtracks.com\/index.php\/wp-json\/wp\/v2\/media?parent=1229"}],"curies":[{"name":"wp","href":"https:\/\/api.w.org\/{rel}","templated":true}]}}