{"id":1227,"date":"2023-09-12T09:03:37","date_gmt":"2023-09-12T07:03:37","guid":{"rendered":"http:\/\/www.artandtracks.com\/?page_id=1227"},"modified":"2023-09-12T09:07:58","modified_gmt":"2023-09-12T07:07:58","slug":"rammey-ramsey-rock-wallaby-dreaming","status":"publish","type":"page","link":"https:\/\/www.artandtracks.com\/index.php\/rammey-ramsey-rock-wallaby-dreaming\/","title":{"rendered":"Rammey Ramsey &#8211; &#8220;Rock wallaby dreaming&#8221;"},"content":{"rendered":"\n<figure class=\"wp-block-image size-medium\"><a href=\"http:\/\/www.artandtracks.com\/wp-content\/uploads\/2023\/09\/Ramsey-5-1-scaled.jpg\"><img decoding=\"async\" loading=\"lazy\" width=\"298\" height=\"300\" src=\"http:\/\/www.artandtracks.com\/wp-content\/uploads\/2023\/09\/Ramsey-5-1-298x300.jpg\" alt=\"\" class=\"wp-image-1209\" srcset=\"https:\/\/www.artandtracks.com\/wp-content\/uploads\/2023\/09\/Ramsey-5-1-298x300.jpg 298w, https:\/\/www.artandtracks.com\/wp-content\/uploads\/2023\/09\/Ramsey-5-1-1016x1024.jpg 1016w, https:\/\/www.artandtracks.com\/wp-content\/uploads\/2023\/09\/Ramsey-5-1-150x150.jpg 150w, https:\/\/www.artandtracks.com\/wp-content\/uploads\/2023\/09\/Ramsey-5-1-768x774.jpg 768w, https:\/\/www.artandtracks.com\/wp-content\/uploads\/2023\/09\/Ramsey-5-1-600x605.jpg 600w, https:\/\/www.artandtracks.com\/wp-content\/uploads\/2023\/09\/Ramsey-5-1-1524x1536.jpg 1524w, https:\/\/www.artandtracks.com\/wp-content\/uploads\/2023\/09\/Ramsey-5-1-2032x2048.jpg 2032w, https:\/\/www.artandtracks.com\/wp-content\/uploads\/2023\/09\/Ramsey-5-1-800x806.jpg 800w\" sizes=\"(max-width: 298px) 100vw, 298px\" \/><\/a><\/figure>\n\n\n\n<h2 class=\"wp-block-heading\"><strong>Titre de l\u2019\u0153uvre :<\/strong><\/h2>\n\n\n\n<p>Rock wallaby dreaming<\/p>\n\n\n\n<h2 class=\"wp-block-heading\"><strong>Artiste :<\/strong><\/h2>\n\n\n\n<p>Rammey Ramsey (c. 1935)<\/p>\n\n\n\n<h2 class=\"wp-block-heading\"><strong>Technique :<\/strong><\/h2>\n\n\n\n<p>Taille douce sur zinc sur papier blanc<\/p>\n\n\n\n<p>Sign\u00e9e au crayon en partie inf\u00e9rieure droite et num\u00e9rot\u00e9e 38\/50 au crayon en partie inf\u00e9rieure gauche<\/p>\n\n\n\n<h2 class=\"wp-block-heading\"><strong>Dimension(s) :<\/strong><\/h2>\n\n\n\n<p>49 x 49 cm <em>image<\/em> <em>(coup de planche)<\/em><\/p>\n\n\n\n<h2 class=\"wp-block-heading\"><strong>Ann\u00e9e et lieu de cr\u00e9ation :<\/strong><\/h2>\n\n\n\n<p>2014 \/ Warmun<\/p>\n","protected":false},"excerpt":{"rendered":"<p>Titre de l\u2019\u0153uvre : Rock wallaby dreaming Artiste : Rammey Ramsey (c. 1935) Technique : Taille douce sur zinc sur papier blanc Sign\u00e9e au crayon en partie inf\u00e9rieure droite et num\u00e9rot\u00e9e 38\/50 au crayon en partie inf\u00e9rieure gauche Dimension(s) : 49 x 49 cm image (coup de planche) Ann\u00e9e et lieu de cr\u00e9ation : 2014 \/ Warmun<\/p>\n","protected":false},"author":1,"featured_media":0,"parent":0,"menu_order":0,"comment_status":"closed","ping_status":"closed","template":"","meta":[],"_links":{"self":[{"href":"https:\/\/www.artandtracks.com\/index.php\/wp-json\/wp\/v2\/pages\/1227"}],"collection":[{"href":"https:\/\/www.artandtracks.com\/index.php\/wp-json\/wp\/v2\/pages"}],"about":[{"href":"https:\/\/www.artandtracks.com\/index.php\/wp-json\/wp\/v2\/types\/page"}],"author":[{"embeddable":true,"href":"https:\/\/www.artandtracks.com\/index.php\/wp-json\/wp\/v2\/users\/1"}],"replies":[{"embeddable":true,"href":"https:\/\/www.artandtracks.com\/index.php\/wp-json\/wp\/v2\/comments?post=1227"}],"version-history":[{"count":2,"href":"https:\/\/www.artandtracks.com\/index.php\/wp-json\/wp\/v2\/pages\/1227\/revisions"}],"predecessor-version":[{"id":1232,"href":"https:\/\/www.artandtracks.com\/index.php\/wp-json\/wp\/v2\/pages\/1227\/revisions\/1232"}],"wp:attachment":[{"href":"https:\/\/www.artandtracks.com\/index.php\/wp-json\/wp\/v2\/media?parent=1227"}],"curies":[{"name":"wp","href":"https:\/\/api.w.org\/{rel}","templated":true}]}}