{"id":1220,"date":"2023-09-12T08:56:30","date_gmt":"2023-09-12T06:56:30","guid":{"rendered":"http:\/\/www.artandtracks.com\/?page_id=1220"},"modified":"2023-09-13T03:52:22","modified_gmt":"2023-09-13T01:52:22","slug":"rammey-ramsey-jungurra","status":"publish","type":"page","link":"https:\/\/www.artandtracks.com\/index.php\/rammey-ramsey-jungurra\/","title":{"rendered":"Rammey Ramsey &#8211; &#8220;Warlawoon country&#8221;"},"content":{"rendered":"\n<figure class=\"wp-block-image size-medium\"><a href=\"http:\/\/www.artandtracks.com\/wp-content\/uploads\/2023\/09\/Ramsey-3-1-scaled.jpg\"><img decoding=\"async\" loading=\"lazy\" width=\"296\" height=\"300\" src=\"http:\/\/www.artandtracks.com\/wp-content\/uploads\/2023\/09\/Ramsey-3-1-296x300.jpg\" alt=\"\" class=\"wp-image-1207\" srcset=\"https:\/\/www.artandtracks.com\/wp-content\/uploads\/2023\/09\/Ramsey-3-1-296x300.jpg 296w, https:\/\/www.artandtracks.com\/wp-content\/uploads\/2023\/09\/Ramsey-3-1-1011x1024.jpg 1011w, https:\/\/www.artandtracks.com\/wp-content\/uploads\/2023\/09\/Ramsey-3-1-768x778.jpg 768w, https:\/\/www.artandtracks.com\/wp-content\/uploads\/2023\/09\/Ramsey-3-1-600x608.jpg 600w, https:\/\/www.artandtracks.com\/wp-content\/uploads\/2023\/09\/Ramsey-3-1-1517x1536.jpg 1517w, https:\/\/www.artandtracks.com\/wp-content\/uploads\/2023\/09\/Ramsey-3-1-2023x2048.jpg 2023w, https:\/\/www.artandtracks.com\/wp-content\/uploads\/2023\/09\/Ramsey-3-1-800x810.jpg 800w\" sizes=\"(max-width: 296px) 100vw, 296px\" \/><\/a><\/figure>\n\n\n\n<h2 class=\"wp-block-heading\"><strong>Titre de l\u2019\u0153uvre :<\/strong><\/h2>\n\n\n\n<p>Warlawoon country<\/p>\n\n\n\n<h2 class=\"wp-block-heading\"><strong>Artiste :<\/strong><\/h2>\n\n\n\n<p>Rammey Ramsey (c. 1935)<\/p>\n\n\n\n<h2 class=\"wp-block-heading\"><strong>Technique :<\/strong><\/h2>\n\n\n\n<p>Taille douce sur zinc sur papier blanc<\/p>\n\n\n\n<p>Sign\u00e9e au crayon en partie inf\u00e9rieure droite et num\u00e9rot\u00e9e 30\/50 au crayon en partie inf\u00e9rieure gauche. Titre inscrit au crayon en partie centrale<\/p>\n\n\n\n<h2 class=\"wp-block-heading\"><strong>Dimension(s) :<\/strong><\/h2>\n\n\n\n<p>50 x 49 cm <em>image<\/em> <em>(coup de planche)<\/em><\/p>\n\n\n\n<h2 class=\"wp-block-heading\"><strong>Ann\u00e9e et lieu de cr\u00e9ation :<\/strong><\/h2>\n\n\n\n<p>2014 \/ Warmun<\/p>\n","protected":false},"excerpt":{"rendered":"<p>Titre de l\u2019\u0153uvre : Warlawoon country Artiste : Rammey Ramsey (c. 1935) Technique : Taille douce sur zinc sur papier blanc Sign\u00e9e au crayon en partie inf\u00e9rieure droite et num\u00e9rot\u00e9e 30\/50 au crayon en partie inf\u00e9rieure gauche. Titre inscrit au crayon en partie centrale Dimension(s) : 50 x 49 cm image (coup de planche) Ann\u00e9e et lieu de cr\u00e9ation :&hellip;<\/p>\n","protected":false},"author":1,"featured_media":0,"parent":0,"menu_order":0,"comment_status":"closed","ping_status":"closed","template":"","meta":[],"_links":{"self":[{"href":"https:\/\/www.artandtracks.com\/index.php\/wp-json\/wp\/v2\/pages\/1220"}],"collection":[{"href":"https:\/\/www.artandtracks.com\/index.php\/wp-json\/wp\/v2\/pages"}],"about":[{"href":"https:\/\/www.artandtracks.com\/index.php\/wp-json\/wp\/v2\/types\/page"}],"author":[{"embeddable":true,"href":"https:\/\/www.artandtracks.com\/index.php\/wp-json\/wp\/v2\/users\/1"}],"replies":[{"embeddable":true,"href":"https:\/\/www.artandtracks.com\/index.php\/wp-json\/wp\/v2\/comments?post=1220"}],"version-history":[{"count":5,"href":"https:\/\/www.artandtracks.com\/index.php\/wp-json\/wp\/v2\/pages\/1220\/revisions"}],"predecessor-version":[{"id":1341,"href":"https:\/\/www.artandtracks.com\/index.php\/wp-json\/wp\/v2\/pages\/1220\/revisions\/1341"}],"wp:attachment":[{"href":"https:\/\/www.artandtracks.com\/index.php\/wp-json\/wp\/v2\/media?parent=1220"}],"curies":[{"name":"wp","href":"https:\/\/api.w.org\/{rel}","templated":true}]}}