{"id":1216,"date":"2023-09-12T08:49:38","date_gmt":"2023-09-12T06:49:38","guid":{"rendered":"http:\/\/www.artandtracks.com\/?page_id=1216"},"modified":"2023-09-12T08:49:38","modified_gmt":"2023-09-12T06:49:38","slug":"rammey-ramsey-warlawoon-country-5","status":"publish","type":"page","link":"https:\/\/www.artandtracks.com\/index.php\/rammey-ramsey-warlawoon-country-5\/","title":{"rendered":"Rammey Ramsey &#8211; &#8220;Warlawoon country 5&#8221;"},"content":{"rendered":"\n<figure class=\"wp-block-image size-medium\"><a href=\"http:\/\/www.artandtracks.com\/wp-content\/uploads\/2023\/09\/Ramsey-1-1-1-scaled.jpg\"><img decoding=\"async\" loading=\"lazy\" width=\"220\" height=\"300\" src=\"http:\/\/www.artandtracks.com\/wp-content\/uploads\/2023\/09\/Ramsey-1-1-1-220x300.jpg\" alt=\"\" class=\"wp-image-1205\" srcset=\"https:\/\/www.artandtracks.com\/wp-content\/uploads\/2023\/09\/Ramsey-1-1-1-220x300.jpg 220w, https:\/\/www.artandtracks.com\/wp-content\/uploads\/2023\/09\/Ramsey-1-1-1-750x1024.jpg 750w, https:\/\/www.artandtracks.com\/wp-content\/uploads\/2023\/09\/Ramsey-1-1-1-768x1049.jpg 768w, https:\/\/www.artandtracks.com\/wp-content\/uploads\/2023\/09\/Ramsey-1-1-1-600x820.jpg 600w, https:\/\/www.artandtracks.com\/wp-content\/uploads\/2023\/09\/Ramsey-1-1-1-1125x1536.jpg 1125w, https:\/\/www.artandtracks.com\/wp-content\/uploads\/2023\/09\/Ramsey-1-1-1-1499x2048.jpg 1499w, https:\/\/www.artandtracks.com\/wp-content\/uploads\/2023\/09\/Ramsey-1-1-1-800x1093.jpg 800w, https:\/\/www.artandtracks.com\/wp-content\/uploads\/2023\/09\/Ramsey-1-1-1-scaled.jpg 1874w\" sizes=\"(max-width: 220px) 100vw, 220px\" \/><\/a><\/figure>\n\n\n\n<h2 class=\"wp-block-heading\"><strong>Titre de l\u2019\u0153uvre :<\/strong><\/h2>\n\n\n\n<p>Warlawoon country 5<\/p>\n\n\n\n<h2 class=\"wp-block-heading\"><strong>Artiste :<\/strong><\/h2>\n\n\n\n<p>Rammey Ramsey (c. 1935)<\/p>\n\n\n\n<h2 class=\"wp-block-heading\"><strong>Technique :<\/strong><\/h2>\n\n\n\n<p>Taille douce sur zinc sur papier blanc au timbre sec de Nothern Editions<\/p>\n\n\n\n<p>Sign\u00e9e au crayon en partie inf\u00e9rieure droite, num\u00e9rot\u00e9e 3\/25 au crayon en partie inf\u00e9rieure gauche. Titre inscrit au crayon en partie centrale<\/p>\n\n\n\n<h2 class=\"wp-block-heading\"><strong>Dimension(s) :<\/strong><\/h2>\n\n\n\n<p>68 x 43 cm <em>image (coup de planche)<\/em><\/p>\n\n\n\n<h2 class=\"wp-block-heading\"><strong>Ann\u00e9e et lieu de cr\u00e9ation :<\/strong><\/h2>\n\n\n\n<p>2014 \/ Warmun<\/p>\n","protected":false},"excerpt":{"rendered":"<p>Titre de l\u2019\u0153uvre : Warlawoon country 5 Artiste : Rammey Ramsey (c. 1935) Technique : Taille douce sur zinc sur papier blanc au timbre sec de Nothern Editions Sign\u00e9e au crayon en partie inf\u00e9rieure droite, num\u00e9rot\u00e9e 3\/25 au crayon en partie inf\u00e9rieure gauche. Titre inscrit au crayon en partie centrale Dimension(s) : 68 x 43 cm image (coup de planche)&hellip;<\/p>\n","protected":false},"author":1,"featured_media":0,"parent":0,"menu_order":0,"comment_status":"closed","ping_status":"closed","template":"","meta":[],"_links":{"self":[{"href":"https:\/\/www.artandtracks.com\/index.php\/wp-json\/wp\/v2\/pages\/1216"}],"collection":[{"href":"https:\/\/www.artandtracks.com\/index.php\/wp-json\/wp\/v2\/pages"}],"about":[{"href":"https:\/\/www.artandtracks.com\/index.php\/wp-json\/wp\/v2\/types\/page"}],"author":[{"embeddable":true,"href":"https:\/\/www.artandtracks.com\/index.php\/wp-json\/wp\/v2\/users\/1"}],"replies":[{"embeddable":true,"href":"https:\/\/www.artandtracks.com\/index.php\/wp-json\/wp\/v2\/comments?post=1216"}],"version-history":[{"count":1,"href":"https:\/\/www.artandtracks.com\/index.php\/wp-json\/wp\/v2\/pages\/1216\/revisions"}],"predecessor-version":[{"id":1217,"href":"https:\/\/www.artandtracks.com\/index.php\/wp-json\/wp\/v2\/pages\/1216\/revisions\/1217"}],"wp:attachment":[{"href":"https:\/\/www.artandtracks.com\/index.php\/wp-json\/wp\/v2\/media?parent=1216"}],"curies":[{"name":"wp","href":"https:\/\/api.w.org\/{rel}","templated":true}]}}