{"id":1212,"date":"2023-09-12T08:40:10","date_gmt":"2023-09-12T06:40:10","guid":{"rendered":"http:\/\/www.artandtracks.com\/?page_id=1212"},"modified":"2023-09-12T12:50:46","modified_gmt":"2023-09-12T10:50:46","slug":"churchill-cann-juwurru","status":"publish","type":"page","link":"https:\/\/www.artandtracks.com\/index.php\/churchill-cann-juwurru\/","title":{"rendered":"Churchill Cann &#8211; &#8220;Red Butte&#8221;"},"content":{"rendered":"\n<figure class=\"wp-block-image size-medium\"><a href=\"http:\/\/www.artandtracks.com\/wp-content\/uploads\/2023\/09\/Churchill-1-1-scaled.jpg\"><img decoding=\"async\" loading=\"lazy\" width=\"300\" height=\"300\" src=\"http:\/\/www.artandtracks.com\/wp-content\/uploads\/2023\/09\/Churchill-1-1-300x300.jpg\" alt=\"\" class=\"wp-image-1202\" srcset=\"https:\/\/www.artandtracks.com\/wp-content\/uploads\/2023\/09\/Churchill-1-1-300x300.jpg 300w, https:\/\/www.artandtracks.com\/wp-content\/uploads\/2023\/09\/Churchill-1-1-1020x1024.jpg 1020w, https:\/\/www.artandtracks.com\/wp-content\/uploads\/2023\/09\/Churchill-1-1-150x150.jpg 150w, https:\/\/www.artandtracks.com\/wp-content\/uploads\/2023\/09\/Churchill-1-1-768x771.jpg 768w, https:\/\/www.artandtracks.com\/wp-content\/uploads\/2023\/09\/Churchill-1-1-600x602.jpg 600w, https:\/\/www.artandtracks.com\/wp-content\/uploads\/2023\/09\/Churchill-1-1-1530x1536.jpg 1530w, https:\/\/www.artandtracks.com\/wp-content\/uploads\/2023\/09\/Churchill-1-1-2040x2048.jpg 2040w, https:\/\/www.artandtracks.com\/wp-content\/uploads\/2023\/09\/Churchill-1-1-800x803.jpg 800w\" sizes=\"(max-width: 300px) 100vw, 300px\" \/><\/a><\/figure>\n\n\n\n<h2 class=\"wp-block-heading\"><strong>Titre d<\/strong><strong>e l\u2019\u0153uvre :<\/strong><\/h2>\n\n\n\n<p>Red Butte<\/p>\n\n\n\n<h2 class=\"wp-block-heading\"><strong>Artiste :<\/strong><\/h2>\n\n\n\n<p>Churchill Cann (1944-2016)<\/p>\n\n\n\n<h2 class=\"wp-block-heading\"><strong>Technique :<\/strong><\/h2>\n\n\n\n<p>Taille douce sur zinc sur papier blanc<\/p>\n\n\n\n<p>Sign\u00e9e au crayon en partie inf\u00e9rieure droite, num\u00e9rot\u00e9e 29\/40 au crayon en partie inf\u00e9rieure gauche. Titre inscrit au crayon en partie centrale<\/p>\n\n\n\n<h2 class=\"wp-block-heading\"><strong>Dimension(s) :<\/strong><\/h2>\n\n\n\n<p>45 x 45,5 cm <em>image (coup de planche)<\/em><\/p>\n\n\n\n<h2 class=\"wp-block-heading\"><strong>Ann\u00e9e et lieu de cr\u00e9ation :<\/strong><\/h2>\n\n\n\n<p>2013 \/ Warmun<\/p>\n","protected":false},"excerpt":{"rendered":"<p>Titre de l\u2019\u0153uvre : Red Butte Artiste : Churchill Cann (1944-2016) Technique : Taille douce sur zinc sur papier blanc Sign\u00e9e au crayon en partie inf\u00e9rieure droite, num\u00e9rot\u00e9e 29\/40 au crayon en partie inf\u00e9rieure gauche. Titre inscrit au crayon en partie centrale Dimension(s) : 45 x 45,5 cm image (coup de planche) Ann\u00e9e et lieu de cr\u00e9ation : 2013 \/&hellip;<\/p>\n","protected":false},"author":1,"featured_media":0,"parent":0,"menu_order":0,"comment_status":"closed","ping_status":"closed","template":"","meta":[],"_links":{"self":[{"href":"https:\/\/www.artandtracks.com\/index.php\/wp-json\/wp\/v2\/pages\/1212"}],"collection":[{"href":"https:\/\/www.artandtracks.com\/index.php\/wp-json\/wp\/v2\/pages"}],"about":[{"href":"https:\/\/www.artandtracks.com\/index.php\/wp-json\/wp\/v2\/types\/page"}],"author":[{"embeddable":true,"href":"https:\/\/www.artandtracks.com\/index.php\/wp-json\/wp\/v2\/users\/1"}],"replies":[{"embeddable":true,"href":"https:\/\/www.artandtracks.com\/index.php\/wp-json\/wp\/v2\/comments?post=1212"}],"version-history":[{"count":4,"href":"https:\/\/www.artandtracks.com\/index.php\/wp-json\/wp\/v2\/pages\/1212\/revisions"}],"predecessor-version":[{"id":1267,"href":"https:\/\/www.artandtracks.com\/index.php\/wp-json\/wp\/v2\/pages\/1212\/revisions\/1267"}],"wp:attachment":[{"href":"https:\/\/www.artandtracks.com\/index.php\/wp-json\/wp\/v2\/media?parent=1212"}],"curies":[{"name":"wp","href":"https:\/\/api.w.org\/{rel}","templated":true}]}}